{"id":12243,"date":"2025-10-21T17:06:36","date_gmt":"2025-10-21T09:06:36","guid":{"rendered":"https:\/\/allpotatoes.com\/?page_id=12243"},"modified":"2025-10-21T17:06:37","modified_gmt":"2025-10-21T09:06:37","slug":"we-cant-show-any-link-suggestions-for-this-post","status":"publish","type":"page","link":"https:\/\/allpotatoes.com\/de\/we-cant-show-any-link-suggestions-for-this-post\/","title":{"rendered":"Wir k\u00f6nnen keine Linkvorschl\u00e4ge f\u00fcr diesen Beitrag anzeigen.\u00a0"},"content":{"rendered":"<p class=\"wp-block-paragraph\">Versuchen Sie, Kategorien und Tags f\u00fcr diesen Beitrag auszuw\u00e4hlen, und markieren Sie andere Beitr\u00e4ge als S\u00e4uleninhalte, damit sie hier angezeigt werden.<\/p>","protected":false},"excerpt":{"rendered":"<p>Versuchen Sie, Kategorien und Tags f\u00fcr diesen Beitrag auszuw\u00e4hlen, und markieren Sie andere Beitr\u00e4ge als S\u00e4uleninhalte, damit sie hier angezeigt werden.<\/p>","protected":false},"author":1,"featured_media":0,"parent":0,"menu_order":0,"comment_status":"closed","ping_status":"closed","template":"","meta":{"_crdt_document":"","footnotes":""},"class_list":["post-12243","page","type-page","status-publish","hentry"],"_links":{"self":[{"href":"https:\/\/allpotatoes.com\/de\/wp-json\/wp\/v2\/pages\/12243","targetHints":{"allow":["GET"]}}],"collection":[{"href":"https:\/\/allpotatoes.com\/de\/wp-json\/wp\/v2\/pages"}],"about":[{"href":"https:\/\/allpotatoes.com\/de\/wp-json\/wp\/v2\/types\/page"}],"author":[{"embeddable":true,"href":"https:\/\/allpotatoes.com\/de\/wp-json\/wp\/v2\/users\/1"}],"replies":[{"embeddable":true,"href":"https:\/\/allpotatoes.com\/de\/wp-json\/wp\/v2\/comments?post=12243"}],"version-history":[{"count":0,"href":"https:\/\/allpotatoes.com\/de\/wp-json\/wp\/v2\/pages\/12243\/revisions"}],"wp:attachment":[{"href":"https:\/\/allpotatoes.com\/de\/wp-json\/wp\/v2\/media?parent=12243"}],"curies":[{"name":"wp","href":"https:\/\/api.w.org\/{rel}","templated":true}]}}