{"id":1398,"date":"2020-09-09T02:09:05","date_gmt":"2020-09-09T09:09:05","guid":{"rendered":"https:\/\/allpotatoes.com\/?page_id=1398"},"modified":"2024-12-30T14:17:04","modified_gmt":"2024-12-30T06:17:04","slug":"privacy-policy","status":"publish","type":"page","link":"https:\/\/allpotatoes.com\/de\/privacy-policy\/","title":{"rendered":"Datenschutzrichtlinie"},"content":{"rendered":"<p>Zuletzt aktualisiert: 09. September 2020<\/p>    <p>Diese Datenschutzrichtlinie beschreibt unsere Richtlinien und Verfahren zur Erhebung, Nutzung und Offenlegung Ihrer Informationen, wenn Sie den Service nutzen, und informiert Sie \u00fcber Ihre Datenschutzrechte und dar\u00fcber, wie das Gesetz Sie sch\u00fctzt.<\/p>    <p>Wir verwenden Ihre personenbezogenen Daten, um den Service bereitzustellen und zu verbessern. Durch die Nutzung des Services stimmen Sie der Erhebung und Nutzung von Informationen gem\u00e4\u00df dieser Datenschutzrichtlinie zu. Diese Datenschutzrichtlinie wurde mit Hilfe des Datenschutzrichtlinien-Generators erstellt.<\/p>    <h1 class=\"wp-block-heading\">Interpretation und Definitionen<\/h1>    <h2 class=\"wp-block-heading\">Interpretation<\/h2>    <p>Die W\u00f6rter, deren Anfangsbuchstabe gro\u00dfgeschrieben ist, haben die unter den folgenden Bedingungen definierten Bedeutungen. Die folgenden Definitionen haben unabh\u00e4ngig davon, ob sie im Singular oder Plural erscheinen, die gleiche Bedeutung.<\/p>    <h2 class=\"wp-block-heading\">Definitionen<\/h2>    <p>F\u00fcr die Zwecke dieser Datenschutzrichtlinie:<\/p>    <ul class=\"wp-block-list\"><li><strong>Konto<\/strong> bezeichnet ein einzigartiges Konto, das f\u00fcr Sie erstellt wurde, um auf unseren Service oder Teile unseres Services zuzugreifen.<\/li><li><strong>Unternehmen<\/strong> (in diesem Vertrag entweder als \"das Unternehmen\", \"wir\", \"uns\" oder \"unser\" bezeichnet) bezieht sich auf Taizy Machinery LLC, Zhengzhou, China.<\/li><li><strong>Cookies<\/strong> sind kleine Dateien, die von einer Website auf Ihrem Computer, Mobilger\u00e4t oder einem anderen Ger\u00e4t platziert werden und die Einzelheiten Ihres Browserverlaufs auf dieser Website unter ihren vielen Verwendungen enthalten.<\/li><li><strong>Land<\/strong> bezieht sich auf: China<\/li><li><strong>Ger\u00e4t<\/strong> bezeichnet jedes Ger\u00e4t, das auf den Service zugreifen kann, wie z. B. ein Computer, ein Mobiltelefon oder ein digitales Tablet.<\/li><li><strong>Personenbezogene Daten<\/strong> sind alle Informationen, die sich auf eine identifizierte oder identifizierbare Person beziehen.<\/li><li><strong>Dienst<\/strong> bezieht sich auf die Website.<\/li><li><strong>Dienstanbieter<\/strong> bezeichnet jede nat\u00fcrliche oder juristische Person, die die Daten im Auftrag des Unternehmens verarbeitet. Es bezieht sich auf Drittunternehmen oder Einzelpersonen, die vom Unternehmen beauftragt werden, um den Service zu erleichtern, den Service im Auftrag des Unternehmens bereitzustellen, Dienstleistungen im Zusammenhang mit dem Service zu erbringen oder dem Unternehmen zu helfen, zu analysieren, wie der Service genutzt wird.<\/li><li><strong>Drittanbieter-Dienst f\u00fcr soziale Medien<\/strong> bezieht sich auf jede Website oder jedes soziale Netzwerk, \u00fcber das ein Nutzer sich anmelden oder ein Konto erstellen kann, um den Service zu nutzen.<\/li><li><strong>Nutzungsdaten<\/strong> bezieht sich auf automatisch gesammelte Daten, die entweder durch die Nutzung des Services oder durch die Infrastruktur des Services selbst generiert werden (z. B. die Dauer eines Seitenbesuchs).<\/li><li><strong>Website<\/strong> bezieht sich auf Taizy Machinery, erreichbar unter <a href=\"https:\/\/allpotatoes.com\/de\/\" rel=\"noreferrer noopener\" target=\"_blank\">https:\/\/allpotatoes.com<\/a><\/li><li><strong>Sie<\/strong> bezeichnet die Person, die auf den Service zugreift oder ihn nutzt, oder das Unternehmen oder die andere juristische Person, in deren Namen eine solche Person auf den Service zugreift oder ihn nutzt, je nach Fall.<\/li><\/ul>    <h1 class=\"wp-block-heading\">Erhebung und Nutzung Ihrer personenbezogenen Daten<\/h1>    <h2 class=\"wp-block-heading\">Arten der gesammelten Daten<\/h2>    <h3 class=\"wp-block-heading\">Personenbezogene Daten<\/h3>    <p>Bei der Nutzung unseres Services k\u00f6nnen wir Sie bitten, uns bestimmte personenbezogene Daten zur Verf\u00fcgung zu stellen, die verwendet werden k\u00f6nnen, um Sie zu kontaktieren oder zu identifizieren. Personenbezogene Daten k\u00f6nnen Folgendes umfassen, sind aber nicht beschr\u00e4nkt auf:<\/p>    <ul class=\"wp-block-list\"><li>E-Mail-Adresse<\/li><li>Vorname und Nachname<\/li><li>Telefonnummer<\/li><li>Adresse, Bundesland, Provinz, PLZ\/Postleitzahl, Stadt<\/li><li>Nutzungsdaten<\/li><\/ul>    <h3 class=\"wp-block-heading\">Nutzungsdaten<\/h3>    <p>Nutzungsdaten werden automatisch bei der Nutzung des Services erfasst.<\/p>    <p>Nutzungsdaten k\u00f6nnen Informationen wie die IP-Adresse Ihres Ger\u00e4ts (z. B. IP-Adresse), den Browsertyp, die Browserversion, die Seiten unseres Services, die Sie besuchen, die Uhrzeit und das Datum Ihres Besuchs, die auf diesen Seiten verbrachte Zeit, eindeutige Ger\u00e4teidentifikatoren und andere Diagnosedaten umfassen.<\/p>    <p>Wenn Sie \u00fcber ein mobiles Ger\u00e4t auf den Service zugreifen, k\u00f6nnen wir automatisch bestimmte Informationen sammeln, einschlie\u00dflich, aber nicht beschr\u00e4nkt auf, den Typ des von Ihnen verwendeten mobilen Ger\u00e4ts, Ihre eindeutige ID des mobilen Ger\u00e4ts, die IP-Adresse Ihres mobilen Ger\u00e4ts, Ihr mobiles Betriebssystem, den Typ des mobilen Internetbrowsers, den Sie verwenden, eindeutige Ger\u00e4teidentifikatoren und andere Diagnosedaten.<\/p>    <p>Wir k\u00f6nnen auch Informationen sammeln, die Ihr Browser sendet, wann immer Sie unseren Service besuchen oder wenn Sie \u00fcber ein mobiles Ger\u00e4t auf den Service zugreifen.<\/p>    <h3 class=\"wp-block-heading\">Tracking-Technologien und Cookies<\/h3>    <p>Wir verwenden Cookies und \u00e4hnliche Tracking-Technologien, um die Aktivit\u00e4ten auf unserem Service zu verfolgen und bestimmte Informationen zu speichern. Verwendete Tracking-Technologien sind Beacons, Tags und Skripte, um Informationen zu sammeln und zu verfolgen und unseren Service zu verbessern und zu analysieren.<\/p>    <p>Sie k\u00f6nnen Ihren Browser anweisen, alle Cookies abzulehnen oder anzugeben, wann ein Cookie gesendet wird. Wenn Sie jedoch Cookies nicht akzeptieren, k\u00f6nnen Sie m\u00f6glicherweise einige Teile unseres Services nicht nutzen.<\/p>    <p>Cookies k\u00f6nnen \"persistent\" oder \"Sitzung\"-Cookies sein. Persistente Cookies bleiben auf Ihrem pers\u00f6nlichen Computer oder Mobilger\u00e4t, wenn Sie offline gehen, w\u00e4hrend Sitzungscookies gel\u00f6scht werden, sobald Sie Ihren Webbrowser schlie\u00dfen. Erfahren Sie mehr \u00fcber Cookies: Alles \u00fcber Cookies.<\/p>    <p>Wir verwenden sowohl Sitzungs- als auch persistente Cookies f\u00fcr die nachstehend aufgef\u00fchrten Zwecke:<\/p>    <ul class=\"wp-block-list\"><li><strong>Notwendige \/ Essenzielle Cookies<\/strong> Typ: Sitzungs-Cookies Verwaltet von: Uns Zweck: Diese Cookies sind unerl\u00e4sslich, um Ihnen die \u00fcber die Website verf\u00fcgbaren Dienste bereitzustellen und es Ihnen zu erm\u00f6glichen, einige ihrer Funktionen zu nutzen. Sie helfen, Benutzer zu authentifizieren und betr\u00fcgerische Nutzung von Benutzerkonten zu verhindern. Ohne diese Cookies k\u00f6nnen die Dienste, die Sie angefordert haben, nicht bereitgestellt werden, und wir verwenden diese Cookies nur, um Ihnen diese Dienste bereitzustellen.<\/li><li><strong>Cookies-Richtlinie \/ Hinweis zur Annahme von Cookies<\/strong> Typ: Persistente Cookies Verwaltet von: Uns Zweck: Diese Cookies identifizieren, ob Benutzer die Verwendung von Cookies auf der Website akzeptiert haben.<\/li><li><strong>Funktionscookies<\/strong> Typ: Persistente Cookies Verwaltet von: Uns Zweck: Diese Cookies erm\u00f6glichen es uns, die Entscheidungen, die Sie bei der Nutzung der Website treffen, zu speichern, z. B. Ihre Anmeldedaten oder Spracheinstellungen. Der Zweck dieser Cookies ist es, Ihnen ein pers\u00f6nlicheres Erlebnis zu bieten und zu vermeiden, dass Sie Ihre Pr\u00e4ferenzen jedes Mal neu eingeben m\u00fcssen, wenn Sie die Website nutzen.<\/li><\/ul>    <p>F\u00fcr weitere Informationen \u00fcber die von uns verwendeten Cookies und Ihre Wahlm\u00f6glichkeiten bez\u00fcglich Cookies besuchen Sie bitte unsere Cookies-Richtlinie oder den Abschnitt \u00fcber Cookies in unserer Datenschutzrichtlinie.<\/p>    <h2 class=\"wp-block-heading\">Verwendung Ihrer personenbezogenen Daten<\/h2>    <p>Das Unternehmen kann personenbezogene Daten f\u00fcr die folgenden Zwecke verwenden:<\/p>    <ul class=\"wp-block-list\"><li><strong>Um unseren Service bereitzustellen und aufrechtzuerhalten<\/strong>, einschlie\u00dflich zur \u00dcberwachung der Nutzung unseres Services.<\/li><li><strong>Um Ihr Konto zu verwalten:<\/strong> um Ihre Registrierung als Benutzer des Services zu verwalten. Die von Ihnen bereitgestellten personenbezogenen Daten k\u00f6nnen Ihnen Zugang zu verschiedenen Funktionen des Services geben, die Ihnen als registrierter Benutzer zur Verf\u00fcgung stehen.<\/li><li><strong>F\u00fcr die Durchf\u00fchrung eines Vertrags:<\/strong> die Entwicklung, Einhaltung und Durchf\u00fchrung des Kaufvertrags f\u00fcr die Produkte, Artikel oder Dienstleistungen, die Sie \u00fcber den Service gekauft haben, oder eines anderen Vertrags mit uns.<\/li><li><strong>Um Sie zu kontaktieren:<\/strong> Um Sie per E-Mail, Telefonanrufen, SMS oder anderen gleichwertigen Formen der elektronischen Kommunikation zu kontaktieren, wie z. B. Push-Benachrichtigungen einer mobilen Anwendung bez\u00fcglich Updates oder informativen Mitteilungen zu den Funktionen, Produkten oder vertraglich vereinbarten Dienstleistungen, einschlie\u00dflich der Sicherheitsupdates, wenn dies notwendig oder angemessen f\u00fcr deren Umsetzung ist.<\/li><li><strong>Um Ihnen zu bieten<\/strong> mit Neuigkeiten, Sonderangeboten und allgemeinen Informationen \u00fcber andere Waren, Dienstleistungen und Veranstaltungen, die wir anbieten, die denen \u00e4hnlich sind, die Sie bereits gekauft oder angefragt haben, es sei denn, Sie haben sich entschieden, solche Informationen nicht zu erhalten.<\/li><li><strong>Um Ihre Anfragen zu verwalten:<\/strong> Um Ihre Anfragen an uns zu bearbeiten und zu verwalten.<\/li><\/ul>    <p>Wir k\u00f6nnen Ihre personenbezogenen Informationen in den folgenden Situationen teilen:<\/p>    <ul class=\"wp-block-list\"><li><strong>Mit Dienstanbietern:<\/strong> Wir k\u00f6nnen Ihre personenbezogenen Informationen mit Dienstanbietern teilen, um die Nutzung unseres Services zu \u00fcberwachen und zu analysieren, um Sie zu kontaktieren.<\/li><li><strong>F\u00fcr Gesch\u00e4ftstransfers:<\/strong> Wir k\u00f6nnen Ihre personenbezogenen Informationen im Zusammenhang mit oder w\u00e4hrend der Verhandlungen \u00fcber eine Fusion, den Verkauf von Unternehmensverm\u00f6gen, die Finanzierung oder die \u00dcbernahme eines Teils oder des gesamten Unternehmens an ein anderes Unternehmen teilen oder \u00fcbertragen.<\/li><li><strong>Mit Tochtergesellschaften:<\/strong> Wir k\u00f6nnen Ihre Informationen mit unseren Tochtergesellschaften teilen, in diesem Fall werden wir von diesen Tochtergesellschaften verlangen, diese Datenschutzrichtlinie zu respektieren. Tochtergesellschaften umfassen unser Mutterunternehmen und alle anderen Tochtergesellschaften, Joint-Venture-Partner oder andere Unternehmen, die wir kontrollieren oder die unter gemeinsamer Kontrolle mit uns stehen.<\/li><li><strong>Mit Gesch\u00e4ftspartnern:<\/strong> Wir k\u00f6nnen Ihre Informationen mit unseren Gesch\u00e4ftspartnern teilen, um Ihnen bestimmte Produkte, Dienstleistungen oder Werbeaktionen anzubieten.<\/li><li><strong>Mit anderen Nutzern:<\/strong> Wenn Sie personenbezogene Informationen teilen oder anderweitig in den \u00f6ffentlichen Bereichen mit anderen Nutzern interagieren, k\u00f6nnen solche Informationen von allen Nutzern eingesehen und \u00f6ffentlich verteilt werden. Wenn Sie mit anderen Nutzern interagieren oder sich \u00fcber einen Drittanbieter-Dienst f\u00fcr soziale Medien registrieren, k\u00f6nnen Ihre Kontakte in diesem Drittanbieter-Dienst f\u00fcr soziale Medien Ihren Namen, Ihr Profil, Ihre Bilder und eine Beschreibung Ihrer Aktivit\u00e4ten sehen. Ebenso k\u00f6nnen andere Nutzer Beschreibungen Ihrer Aktivit\u00e4ten einsehen, mit Ihnen kommunizieren und Ihr Profil ansehen.<\/li><\/ul>    <h2 class=\"wp-block-heading\">Aufbewahrung Ihrer personenbezogenen Daten<\/h2>    <p>Das Unternehmen wird Ihre personenbezogenen Daten nur so lange aufbewahren, wie es f\u00fcr die in dieser Datenschutzrichtlinie festgelegten Zwecke erforderlich ist. Wir werden Ihre personenbezogenen Daten so lange aufbewahren und verwenden, wie es erforderlich ist, um unseren gesetzlichen Verpflichtungen nachzukommen (zum Beispiel, wenn wir verpflichtet sind, Ihre Daten zur Einhaltung geltender Gesetze aufzubewahren), Streitigkeiten zu l\u00f6sen und unsere rechtlichen Vereinbarungen und Richtlinien durchzusetzen.<\/p>    <p>Das Unternehmen wird auch Nutzungsdaten zu internen Analysezwecken aufbewahren. Nutzungsdaten werden in der Regel f\u00fcr einen k\u00fcrzeren Zeitraum aufbewahrt, es sei denn, diese Daten werden verwendet, um die Sicherheit zu st\u00e4rken oder die Funktionalit\u00e4t unseres Services zu verbessern, oder wir sind gesetzlich verpflichtet, diese Daten \u00fcber l\u00e4ngere Zeitr\u00e4ume aufzubewahren.<\/p>    <h2 class=\"wp-block-heading\">\u00dcbertragung Ihrer personenbezogenen Daten<\/h2>    <p>Ihre Informationen, einschlie\u00dflich personenbezogener Daten, werden in den Betriebsb\u00fcros des Unternehmens und an anderen Orten verarbeitet, an denen die an der Verarbeitung beteiligten Parteien ans\u00e4ssig sind. Das bedeutet, dass diese Informationen an Computer \u00fcbertragen und dort gespeichert werden k\u00f6nnen, die sich au\u00dferhalb Ihres Bundesstaates, Ihrer Provinz, Ihres Landes oder einer anderen staatlichen Gerichtsbarkeit befinden, in denen die Datenschutzgesetze von denen Ihrer Gerichtsbarkeit abweichen k\u00f6nnen.<\/p>    <p>Ihre Zustimmung zu dieser Datenschutzrichtlinie, gefolgt von Ihrer \u00dcbermittlung solcher Informationen, stellt Ihre Zustimmung zu dieser \u00dcbertragung dar.<\/p>    <p>Das Unternehmen wird alle angemessenen Schritte unternehmen, um sicherzustellen, dass Ihre Daten sicher und gem\u00e4\u00df dieser Datenschutzrichtlinie behandelt werden, und dass keine \u00dcbertragung Ihrer personenbezogenen Daten an eine Organisation oder ein Land erfolgt, es sei denn, es sind angemessene Kontrollen vorhanden, einschlie\u00dflich der Sicherheit Ihrer Daten und anderer pers\u00f6nlicher Informationen.<\/p>    <h2 class=\"wp-block-heading\">Offenlegung Ihrer personenbezogenen Daten<\/h2>    <h3 class=\"wp-block-heading\">Gesch\u00e4ftstransaktionen<\/h3>    <p>Wenn das Unternehmen an einer Fusion, \u00dcbernahme oder Verm\u00f6gensver\u00e4u\u00dferung beteiligt ist, k\u00f6nnen Ihre personenbezogenen Daten \u00fcbertragen werden. Wir werden Sie benachrichtigen, bevor Ihre personenbezogenen Daten \u00fcbertragen werden und einer anderen Datenschutzrichtlinie unterliegen.<\/p>    <h3 class=\"wp-block-heading\">Strafverfolgung<\/h3>    <p>Unter bestimmten Umst\u00e4nden kann das Unternehmen verpflichtet sein, Ihre personenbezogenen Daten offenzulegen, wenn dies gesetzlich vorgeschrieben ist oder als Reaktion auf g\u00fcltige Anfragen von \u00f6ffentlichen Beh\u00f6rden (z. B. einem Gericht oder einer Regierungsbeh\u00f6rde).<\/p>    <h3 class=\"wp-block-heading\">Andere gesetzliche Anforderungen<\/h3>    <p>Das Unternehmen kann Ihre personenbezogenen Daten in dem guten Glauben offenlegen, dass eine solche Ma\u00dfnahme notwendig ist, um:<\/p>    <ul class=\"wp-block-list\"><li>Einhaltung einer gesetzlichen Verpflichtung<\/li><li>Schutz und Verteidigung der Rechte oder des Eigentums des Unternehmens<\/li><li>M\u00f6gliche Fehlverhalten im Zusammenhang mit dem Service verhindern oder untersuchen<\/li><li>Schutz der pers\u00f6nlichen Sicherheit der Nutzer des Services oder der \u00d6ffentlichkeit<\/li><li>Schutz vor rechtlicher Haftung<\/li><\/ul>    <h2 class=\"wp-block-heading\">Sicherheit Ihrer personenbezogenen Daten<\/h2>    <p>Die Sicherheit Ihrer personenbezogenen Daten ist uns wichtig, aber denken Sie daran, dass keine \u00dcbertragungsmethode \u00fcber das Internet oder Methode der elektronischen Speicherung 100 % sicher ist. W\u00e4hrend wir uns bem\u00fchen, kommerziell akzeptable Mittel zum Schutz Ihrer personenbezogenen Daten zu verwenden, k\u00f6nnen wir deren absolute Sicherheit nicht garantieren.<\/p>    <h1 class=\"wp-block-heading\">Ihre kalifornischen Datenschutzrechte (Kaliforniens \"Shine the Light\"-Gesetz)<\/h1>    <p>Nach dem kalifornischen Zivilgesetzbuch Abschnitt 1798 (Kaliforniens \"Shine the Light\"-Gesetz) k\u00f6nnen kalifornische Einwohner mit einer bestehenden Gesch\u00e4ftsbeziehung zu uns einmal im Jahr Informationen \u00fcber die Weitergabe ihrer personenbezogenen Daten an Dritte f\u00fcr die direkten Marketingzwecke der Dritten anfordern.<\/p>    <p>Wenn Sie weitere Informationen gem\u00e4\u00df dem kalifornischen Gesetz \"Shine the Light\" anfordern m\u00f6chten und wenn Sie ein kalifornischer Einwohner sind, k\u00f6nnen Sie uns unter den unten angegebenen Kontaktdaten kontaktieren.<\/p>    <h1 class=\"wp-block-heading\">Kalifornische Datenschutzrechte f\u00fcr minderj\u00e4hrige Nutzer (Kalifornisches Handels- und Berufsrecht, Abschnitt 22581)<\/h1>    <p>Der kalifornische Handels- und Berufsrecht Abschnitt 22581 erlaubt kalifornischen Einwohnern unter 18 Jahren, die registrierte Nutzer von Online-Seiten, Dienstleistungen oder Anwendungen sind, die Entfernung von Inhalten oder Informationen zu beantragen, die sie \u00f6ffentlich gepostet haben.<\/p>    <p>Um die Entfernung solcher Daten zu beantragen, und wenn Sie ein kalifornischer Einwohner sind, k\u00f6nnen Sie uns unter den unten angegebenen Kontaktdaten kontaktieren und die mit Ihrem Konto verbundene E-Mail-Adresse angeben.<\/p>    <p>Seien Sie sich bewusst, dass Ihre Anfrage keine vollst\u00e4ndige oder umfassende Entfernung von Inhalten oder Informationen, die online ver\u00f6ffentlicht wurden, garantiert und dass das Gesetz in bestimmten F\u00e4llen die Entfernung m\u00f6glicherweise nicht erlaubt oder vorschreibt.<\/p>    <h1 class=\"wp-block-heading\">Links zu anderen Websites<\/h1>    <p>Unser Service kann Links zu anderen Websites enthalten, die nicht von uns betrieben werden. Wenn Sie auf einen Link zu einem Drittanbieter klicken, werden Sie zu dieser Drittanbieter-Website weitergeleitet. Wir empfehlen Ihnen dringend, die Datenschutzrichtlinie jeder Website, die Sie besuchen, zu \u00fcberpr\u00fcfen.<\/p>    <p>Wir haben keine Kontrolle \u00fcber und \u00fcbernehmen keine Verantwortung f\u00fcr die Inhalte, Datenschutzrichtlinien oder Praktiken von Drittanbieter-Websites oder -diensten.<\/p>    <h1 class=\"wp-block-heading\">\u00c4nderungen an dieser Datenschutzrichtlinie<\/h1>    <p>Wir k\u00f6nnen unsere Datenschutzrichtlinie von Zeit zu Zeit aktualisieren. Wir werden Sie \u00fcber \u00c4nderungen informieren, indem wir die neue Datenschutzrichtlinie auf dieser Seite ver\u00f6ffentlichen.<\/p>    <p>Wir werden Sie per E-Mail und\/oder durch eine auff\u00e4llige Mitteilung auf unserem Service informieren, bevor die \u00c4nderung wirksam wird, und das Datum \"Zuletzt aktualisiert\" oben in dieser Datenschutzrichtlinie aktualisieren.<\/p>    <p>Es wird empfohlen, diese Datenschutzrichtlinie regelm\u00e4\u00dfig auf \u00c4nderungen zu \u00fcberpr\u00fcfen. \u00c4nderungen an dieser Datenschutzrichtlinie sind wirksam, sobald sie auf dieser Seite ver\u00f6ffentlicht werden.<\/p>    <h1 class=\"wp-block-heading\">Kontaktieren Sie uns<\/h1>    <p>Wenn Sie Fragen zu dieser Datenschutzrichtlinie haben, k\u00f6nnen Sie uns kontaktieren:<\/p>    <ul class=\"wp-block-list\"><li>Per E-Mail: info@allpotatoes.com<\/li><li>Indem Sie diese Seite auf unserer Website besuchen: <a href=\"https:\/\/allpotatoes.com\/de\/contact-us\/\" rel=\"noreferrer noopener\" target=\"_blank\">https:\/\/allpotatoes.com\/contact-us<\/a><\/li><li>Unter Telefonnummer: 86 173 0382 1432<\/li><\/ul>","protected":false},"excerpt":{"rendered":"<p>Last updated: September 09, 2020 This Privacy Policy describes Our policies and procedures on the collection, use and disclosure of Your information when You use the Service and tells You about Your privacy rights and how the law protects You. We use Your Personal data to provide and improve the Service. By using the Service, [&hellip;]<\/p>\n","protected":false},"author":1,"featured_media":0,"parent":0,"menu_order":0,"comment_status":"closed","ping_status":"closed","template":"","meta":{"footnotes":""},"class_list":["post-1398","page","type-page","status-publish","hentry"],"_links":{"self":[{"href":"https:\/\/allpotatoes.com\/de\/wp-json\/wp\/v2\/pages\/1398","targetHints":{"allow":["GET"]}}],"collection":[{"href":"https:\/\/allpotatoes.com\/de\/wp-json\/wp\/v2\/pages"}],"about":[{"href":"https:\/\/allpotatoes.com\/de\/wp-json\/wp\/v2\/types\/page"}],"author":[{"embeddable":true,"href":"https:\/\/allpotatoes.com\/de\/wp-json\/wp\/v2\/users\/1"}],"replies":[{"embeddable":true,"href":"https:\/\/allpotatoes.com\/de\/wp-json\/wp\/v2\/comments?post=1398"}],"version-history":[{"count":0,"href":"https:\/\/allpotatoes.com\/de\/wp-json\/wp\/v2\/pages\/1398\/revisions"}],"wp:attachment":[{"href":"https:\/\/allpotatoes.com\/de\/wp-json\/wp\/v2\/media?parent=1398"}],"curies":[{"name":"wp","href":"https:\/\/api.w.org\/{rel}","templated":true}]}}