{"id":1398,"date":"2020-09-09T02:09:05","date_gmt":"2020-09-09T09:09:05","guid":{"rendered":"https:\/\/allpotatoes.com\/?page_id=1398"},"modified":"2024-12-30T14:17:04","modified_gmt":"2024-12-30T06:17:04","slug":"privacy-policy","status":"publish","type":"page","link":"https:\/\/allpotatoes.com\/es\/privacy-policy\/","title":{"rendered":"Pol\u00edtica de Privacidad"},"content":{"rendered":"<p class=\"wp-block-paragraph\">\u00daltima actualizaci\u00f3n: 09 de septiembre 2020<\/p>    <p class=\"wp-block-paragraph\">Esta Pol\u00edtica de Privacidad describe nuestras pol\u00edticas y procedimientos sobre la recopilaci\u00f3n, uso y divulgaci\u00f3n de Su informaci\u00f3n cuando usa el Servicio y le informa sobre Sus derechos de privacidad y c\u00f3mo la ley lo protege.<\/p>    <p class=\"wp-block-paragraph\">Utilizamos Sus Datos Personales para proporcionar y mejorar el Servicio. Al usar el Servicio, Usted acepta la recopilaci\u00f3n y uso de informaci\u00f3n de acuerdo con esta Pol\u00edtica de Privacidad. Esta Pol\u00edtica de Privacidad ha sido creada con la ayuda del Generador de Pol\u00edticas de Privacidad.<\/p>    <h1 class=\"wp-block-heading\">Interpretaci\u00f3n y Definiciones<\/h1>    <h2 class=\"wp-block-heading\">Interpretaci\u00f3n<\/h2>    <p class=\"wp-block-paragraph\">Las palabras cuya letra inicial est\u00e1 en may\u00fascula tienen significados definidos bajo las siguientes condiciones. Las siguientes definiciones tendr\u00e1n el mismo significado independientemente de si aparecen en singular o en plural.<\/p>    <h2 class=\"wp-block-heading\">Definiciones<\/h2>    <p class=\"wp-block-paragraph\">Para los fines de esta Pol\u00edtica de Privacidad:<\/p>    <ul class=\"wp-block-list\"><li><strong>Cuenta<\/strong> se refiere a una cuenta \u00fanica creada para Usted para acceder a nuestro Servicio o partes de nuestro Servicio.<\/li><li><strong>Empresa<\/strong> (referido como \u201cla Empresa\u201d, \u201cNos\u201d, \u201cNosotros\u201d o \u201cNuestro\u201d en este Acuerdo) se refiere a Taizy Machinery LLC, Zhengzhou, China.<\/li><li><strong>Cookies<\/strong> son archivos peque\u00f1os que se colocan en su computadora, dispositivo m\u00f3vil u otro dispositivo por un sitio web, que contienen los detalles de su historial de navegaci\u00f3n en ese sitio web entre sus muchos usos.<\/li><li><strong>Pa\u00eds<\/strong> se refiere a: China<\/li><li><strong>Dispositivo<\/strong> significa cualquier dispositivo que pueda acceder al Servicio, como una computadora, un tel\u00e9fono m\u00f3vil o una tableta digital.<\/li><li><strong>Datos Personales<\/strong> es cualquier informaci\u00f3n que se relacione con un individuo identificado o identificable.<\/li><li><strong>Servicio<\/strong> se refiere al Sitio web.<\/li><li><strong>Proveedor de Servicios<\/strong> se refiere a cualquier persona natural o jur\u00eddica que procese los datos en nombre de la Empresa. Se refiere a empresas o individuos terceros empleados por la Empresa para facilitar el Servicio, proporcionar el Servicio en nombre de la Empresa, realizar servicios relacionados con el Servicio o ayudar a la Empresa a analizar c\u00f3mo se utiliza el Servicio.<\/li><li><strong>Servicio de Redes Sociales de Terceros<\/strong> se refiere a cualquier sitio web o red social a trav\u00e9s de la cual un Usuario puede iniciar sesi\u00f3n o crear una cuenta para usar el Servicio.<\/li><li><strong>Datos de Uso<\/strong> se refiere a datos recopilados autom\u00e1ticamente, ya sea generados por el uso del Servicio o por la infraestructura del Servicio en s\u00ed (por ejemplo, la duraci\u00f3n de una visita a una p\u00e1gina).<\/li><li><strong>Sitio web<\/strong> se refiere a Taizy machinery, accesible desde <a href=\"https:\/\/allpotatoes.com\/es\/\" rel=\"noreferrer noopener\" target=\"_blank\">https:\/\/allpotatoes.com<\/a><\/li><li><strong>Usted<\/strong> se refiere a la persona que accede o usa el Servicio, o a la empresa u otra entidad legal en nombre de la cual esa persona accede o usa el Servicio, seg\u00fan corresponda.<\/li><\/ul>    <h1 class=\"wp-block-heading\">Recopilaci\u00f3n y Uso de Sus Datos Personales<\/h1>    <h2 class=\"wp-block-heading\">Tipos de Datos Recopilados<\/h2>    <h3 class=\"wp-block-heading\">Datos Personales<\/h3>    <p class=\"wp-block-paragraph\">Mientras usa Nuestro Servicio, podemos solicitarle que nos proporcione cierta informaci\u00f3n de identificaci\u00f3n personal que pueda usarse para contactarlo o identificarlo. La informaci\u00f3n de identificaci\u00f3n personal puede incluir, pero no se limita a:<\/p>    <ul class=\"wp-block-list\"><li>Direcci\u00f3n de correo electr\u00f3nico<\/li><li>Nombre y apellido<\/li><li>N\u00famero de tel\u00e9fono<\/li><li>Direcci\u00f3n, Estado, Provincia, C\u00f3digo ZIP\/Postal, Ciudad<\/li><li>Datos de Uso<\/li><\/ul>    <h3 class=\"wp-block-heading\">Datos de Uso<\/h3>    <p class=\"wp-block-paragraph\">Los Datos de Uso se recopilan autom\u00e1ticamente al usar el Servicio.<\/p>    <p class=\"wp-block-paragraph\">Los Datos de Uso pueden incluir informaci\u00f3n como la direcci\u00f3n del Protocolo de Internet de Su Dispositivo (por ejemplo, IP), tipo de navegador, versi\u00f3n del navegador, las p\u00e1ginas de nuestro Servicio que visita, la fecha y hora de su visita, el tiempo dedicado en esas p\u00e1ginas, identificadores \u00fanicos del dispositivo y otros datos de diagn\u00f3stico.<\/p>    <p class=\"wp-block-paragraph\">Cuando accede al Servicio mediante o a trav\u00e9s de un dispositivo m\u00f3vil, Podemos recopilar cierta informaci\u00f3n autom\u00e1ticamente, incluyendo, pero no limitado a, el tipo de dispositivo m\u00f3vil que usa, ID \u00fanico de su dispositivo m\u00f3vil, la direcci\u00f3n IP de su dispositivo m\u00f3vil, el sistema operativo m\u00f3vil, el tipo de navegador de Internet m\u00f3vil que usa, identificadores \u00fanicos del dispositivo y otros datos de diagn\u00f3stico.<\/p>    <p class=\"wp-block-paragraph\">Tambi\u00e9n podemos recopilar informaci\u00f3n que su navegador env\u00eda cada vez que visita nuestro Servicio o cuando accede al Servicio mediante o a trav\u00e9s de un dispositivo m\u00f3vil.<\/p>    <h3 class=\"wp-block-heading\">Tecnolog\u00edas de Seguimiento y Cookies<\/h3>    <p class=\"wp-block-paragraph\">Utilizamos Cookies y tecnolog\u00edas de seguimiento similares para rastrear la actividad en Nuestro Servicio y almacenar cierta informaci\u00f3n. Las tecnolog\u00edas de seguimiento utilizadas son balizas, etiquetas y scripts para recopilar y rastrear informaci\u00f3n y para mejorar y analizar Nuestro Servicio.<\/p>    <p class=\"wp-block-paragraph\">Puede instruir a su navegador para rechazar todas las Cookies o para indicar cu\u00e1ndo se env\u00eda una Cookie. Sin embargo, si no acepta Cookies, es posible que no pueda usar algunas partes de nuestro Servicio.<\/p>    <p class=\"wp-block-paragraph\">Las Cookies pueden ser \u201cPersistentes\u201d o \u201cDe Sesi\u00f3n\u201d. Las Cookies Persistentes permanecen en su computadora personal o dispositivo m\u00f3vil cuando est\u00e1 desconectado, mientras que las Cookies de Sesi\u00f3n se eliminan tan pronto como cierra su navegador web. Aprenda m\u00e1s sobre cookies: Todo Sobre Cookies.<\/p>    <p class=\"wp-block-paragraph\">Utilizamos Cookies tanto de sesi\u00f3n como persistentes para los fines establecidos a continuaci\u00f3n:<\/p>    <ul class=\"wp-block-list\"><li><strong>Cookies Necesarias \/ Esenciales<\/strong> Tipo: Cookies de Sesi\u00f3n Administradas por: Nosotros Prop\u00f3sito: Estas Cookies son esenciales para brindarle los servicios disponibles a trav\u00e9s del Sitio Web y para permitirle usar algunas de sus funciones. Ayudan a autenticar a los usuarios y prevenir el uso fraudulento de cuentas de usuario. Sin estas Cookies, no se podr\u00e1n proporcionar los servicios que ha solicitado, y solo usamos estas Cookies para brindarle esos servicios.<\/li><li><strong>Pol\u00edtica de Cookies \/ Aviso de Cookies de Aceptaci\u00f3n<\/strong> Tipo: Cookies Persistentes Administradas por: Nosotros Prop\u00f3sito: Estas Cookies identifican si los usuarios han aceptado el uso de cookies en el Sitio Web.<\/li><li><strong>Cookies de Funcionalidad<\/strong> Tipo: Cookies Persistentes Administradas por: Nosotros Prop\u00f3sito: Estas Cookies nos permiten recordar las opciones que usted hace cuando usa el Sitio Web, como recordar sus datos de inicio de sesi\u00f3n o preferencia de idioma. El prop\u00f3sito de estas Cookies es brindarle una experiencia m\u00e1s personalizada y evitar que tenga que volver a ingresar sus preferencias cada vez que use el Sitio Web.<\/li><\/ul>    <p class=\"wp-block-paragraph\">Para obtener m\u00e1s informaci\u00f3n sobre las cookies que usamos y sus opciones respecto a las cookies, por favor visite nuestra Pol\u00edtica de Cookies o la secci\u00f3n de Cookies de nuestra Pol\u00edtica de Privacidad.<\/p>    <h2 class=\"wp-block-heading\">Uso de Sus Datos Personales<\/h2>    <p class=\"wp-block-paragraph\">La Empresa puede usar Datos Personales para los siguientes fines:<\/p>    <ul class=\"wp-block-list\"><li><strong>Para proporcionar y mantener nuestro Servicio<\/strong>, incluyendo para monitorear el uso de nuestro Servicio.<\/li><li><strong>Para gestionar Su Cuenta:<\/strong> para gestionar su registro como usuario del Servicio. Los Datos Personales que proporcione pueden darle acceso a diferentes funcionalidades del Servicio que est\u00e1n disponibles para usted como usuario registrado.<\/li><li><strong>Para la ejecuci\u00f3n de un contrato:<\/strong> para la realizaci\u00f3n, cumplimiento y ejecuci\u00f3n del contrato de compra de los productos, art\u00edculos o servicios que ha comprado o de cualquier otro contrato con Nosotros a trav\u00e9s del Servicio.<\/li><li><strong>Para contactarlo:<\/strong> Para contactarlo por correo electr\u00f3nico, llamadas telef\u00f3nicas, SMS u otras formas equivalentes de comunicaci\u00f3n electr\u00f3nica, como notificaciones push de una aplicaci\u00f3n m\u00f3vil relacionadas con actualizaciones o comunicaciones informativas sobre las funcionalidades, productos o servicios contratados, incluyendo las actualizaciones de seguridad, cuando sea necesario o razonable para su implementaci\u00f3n.<\/li><li><strong>Para proporcionarle<\/strong> con noticias, ofertas especiales y informaci\u00f3n general sobre otros bienes, servicios y eventos que ofrecemos y que son similares a los que ya ha comprado o consultado, a menos que haya optado por no recibir dicha informaci\u00f3n.<\/li><li><strong>Para gestionar Sus solicitudes:<\/strong> Para atender y gestionar Sus solicitudes con Nosotros.<\/li><\/ul>    <p class=\"wp-block-paragraph\">Podemos compartir su informaci\u00f3n personal en las siguientes situaciones:<\/p>    <ul class=\"wp-block-list\"><li><strong>Con Proveedores de Servicios:<\/strong> Podemos compartir Sus datos personales con Proveedores de Servicios para monitorear y analizar el uso de nuestro Servicio, para contactarlo.<\/li><li><strong>Para transferencias comerciales:<\/strong> Podemos compartir o transferir Sus datos personales en relaci\u00f3n con, o durante negociaciones de, cualquier fusi\u00f3n, venta de activos de la Empresa, financiamiento o adquisici\u00f3n de toda o parte de nuestro negocio a otra compa\u00f1\u00eda.<\/li><li><strong>Con Afiliados:<\/strong> Podemos compartir Su informaci\u00f3n con Nuestros afiliados, en cuyo caso requeriremos que esos afiliados respeten esta Pol\u00edtica de Privacidad. Los afiliados incluyen Nuestra empresa matriz y cualquier otra subsidiaria, socios de empresas conjuntas u otras compa\u00f1\u00edas que controlamos o que est\u00e1n bajo control com\u00fan con Nosotros.<\/li><li><strong>Con socios comerciales:<\/strong> Podemos compartir Su informaci\u00f3n con Nuestros socios comerciales para ofrecerle ciertos productos, servicios o promociones.<\/li><li><strong>Con otros usuarios:<\/strong> cuando comparte informaci\u00f3n personal u otra interacci\u00f3n en \u00e1reas p\u00fablicas con otros usuarios, dicha informaci\u00f3n puede ser vista por todos los usuarios y puede ser distribuida p\u00fablicamente fuera. Si interact\u00faa con otros usuarios o se registra a trav\u00e9s de un Servicio de Redes Sociales de Terceros, sus contactos en el Servicio de Redes Sociales de Terceros pueden ver su nombre, perfil, fotos y descripci\u00f3n de su actividad. De manera similar, otros usuarios podr\u00e1n ver descripciones de su actividad, comunicarse con usted y ver su perfil.<\/li><\/ul>    <h2 class=\"wp-block-heading\">Retenci\u00f3n de Sus Datos Personales<\/h2>    <p class=\"wp-block-paragraph\">La Empresa solo conservar\u00e1 Sus Datos Personales durante el tiempo necesario para los fines establecidos en esta Pol\u00edtica de Privacidad. Conservaremos y usaremos Sus Datos Personales en la medida necesaria para cumplir con nuestras obligaciones legales (por ejemplo, si estamos obligados a conservar sus datos para cumplir con leyes aplicables), resolver disputas y hacer cumplir nuestros acuerdos y pol\u00edticas legales.<\/p>    <p class=\"wp-block-paragraph\">La Empresa tambi\u00e9n conservar\u00e1 Datos de Uso para fines de an\u00e1lisis internos. Los Datos de Uso generalmente se conservan por un per\u00edodo m\u00e1s corto, excepto cuando estos datos se utilizan para fortalecer la seguridad o mejorar la funcionalidad de Nuestro Servicio, o cuando estamos legalmente obligados a conservar estos datos por per\u00edodos m\u00e1s largos.<\/p>    <h2 class=\"wp-block-heading\">Transferencia de Sus Datos Personales<\/h2>    <p class=\"wp-block-paragraph\">Su informaci\u00f3n, incluyendo Datos Personales, se procesa en las oficinas operativas de la Empresa y en cualquier otro lugar donde las partes involucradas en el procesamiento se encuentren. Esto significa que esta informaci\u00f3n puede ser transferida a \u2014 y mantenida en \u2014 computadoras ubicadas fuera de Su estado, provincia, pa\u00eds u otra jurisdicci\u00f3n gubernamental donde las leyes de protecci\u00f3n de datos puedan diferir de las de Su jurisdicci\u00f3n.<\/p>    <p class=\"wp-block-paragraph\">Su consentimiento a esta Pol\u00edtica de Privacidad, seguido de su env\u00edo de dicha informaci\u00f3n, representa su acuerdo con esa transferencia.<\/p>    <p class=\"wp-block-paragraph\">La Empresa tomar\u00e1 todas las medidas razonablemente necesarias para garantizar que Sus datos sean tratados de manera segura y de acuerdo con esta Pol\u00edtica de Privacidad y no se realizar\u00e1 ninguna transferencia de Sus Datos Personales a una organizaci\u00f3n o pa\u00eds a menos que existan controles adecuados, incluyendo la seguridad de Sus datos y otra informaci\u00f3n personal.<\/p>    <h2 class=\"wp-block-heading\">Divulgaci\u00f3n de Sus Datos Personales<\/h2>    <h3 class=\"wp-block-heading\">Transacciones Comerciales<\/h3>    <p class=\"wp-block-paragraph\">Si la Empresa participa en una fusi\u00f3n, adquisici\u00f3n o venta de activos, Sus Datos Personales pueden ser transferidos. Proporcionaremos aviso antes de que Sus Datos Personales sean transferidos y se sometan a una Pol\u00edtica de Privacidad diferente.<\/p>    <h3 class=\"wp-block-heading\">Aplicaci\u00f3n de la ley<\/h3>    <p class=\"wp-block-paragraph\">Bajo ciertas circunstancias, la Empresa puede estar obligada a divulgar Sus Datos Personales si as\u00ed lo requiere la ley o en respuesta a solicitudes v\u00e1lidas de las autoridades p\u00fablicas (por ejemplo, un tribunal o una agencia gubernamental).<\/p>    <h3 class=\"wp-block-heading\">Otros requisitos legales<\/h3>    <p class=\"wp-block-paragraph\">La Empresa puede divulgar Sus Datos Personales de buena fe, cuando esa acci\u00f3n sea necesaria para:<\/p>    <ul class=\"wp-block-list\"><li>Cumplir con una obligaci\u00f3n legal<\/li><li>Proteger y defender los derechos o la propiedad de la Empresa<\/li><li>Prevenir o investigar posibles irregularidades en relaci\u00f3n con el Servicio<\/li><li>Proteger la seguridad personal de los Usuarios del Servicio o del p\u00fablico<\/li><li>Proteger contra responsabilidad legal<\/li><\/ul>    <h2 class=\"wp-block-heading\">Seguridad de Sus Datos Personales<\/h2>    <p class=\"wp-block-paragraph\">La seguridad de Sus Datos Personales es importante para Nosotros, pero recuerde que ning\u00fan m\u00e9todo de transmisi\u00f3n por Internet, ni m\u00e9todo de almacenamiento electr\u00f3nico, es 100% seguro. Aunque Nos esforzamos por usar medios comercialmente aceptables para proteger Sus Datos Personales, no podemos garantizar su seguridad absoluta.<\/p>    <h1 class=\"wp-block-heading\">Sus Derechos de Privacidad en California (Ley de Luz de California)<\/h1>    <p class=\"wp-block-paragraph\">Bajo la Secci\u00f3n 1798 del C\u00f3digo Civil de California (Ley de Luz de California), los residentes de California con una relaci\u00f3n comercial establecida con nosotros pueden solicitar informaci\u00f3n una vez al a\u00f1o sobre el intercambio de sus Datos Personales con terceros para fines de marketing directo de los terceros.<\/p>    <p class=\"wp-block-paragraph\">Si desea solicitar m\u00e1s informaci\u00f3n bajo la Ley de Luz de California, y si es residente de California, puede contactarnos usando la informaci\u00f3n de contacto proporcionada a continuaci\u00f3n.<\/p>    <h1 class=\"wp-block-heading\">Derechos de Privacidad en California para Menores de Edad (Secci\u00f3n 22581 del C\u00f3digo de Negocios y Profesiones de California)<\/h1>    <p class=\"wp-block-paragraph\">La secci\u00f3n 22581 del C\u00f3digo de Negocios y Profesiones de California permite a los residentes de California menores de 18 a\u00f1os que sean usuarios registrados de sitios, servicios o aplicaciones en l\u00ednea solicitar y obtener la eliminaci\u00f3n de contenido o informaci\u00f3n que hayan publicado p\u00fablicamente.<\/p>    <p class=\"wp-block-paragraph\">Para solicitar la eliminaci\u00f3n de dichos datos, y si es residente de California, puede contactarnos usando la informaci\u00f3n de contacto proporcionada a continuaci\u00f3n, e incluir la direcci\u00f3n de correo electr\u00f3nico asociada con Su cuenta.<\/p>    <p class=\"wp-block-paragraph\">Tenga en cuenta que su solicitud no garantiza la eliminaci\u00f3n completa o exhaustiva del contenido o la informaci\u00f3n publicada en l\u00ednea y que la ley puede no permitir o requerir la eliminaci\u00f3n en ciertas circunstancias.<\/p>    <h1 class=\"wp-block-heading\">Enlaces a Otros Sitios Web<\/h1>    <p class=\"wp-block-paragraph\">Nuestro Servicio puede contener enlaces a otros sitios web que no son operados por Nosotros. Si hace clic en un enlace de terceros, ser\u00e1 dirigido a ese sitio de terceros. Le recomendamos encarecidamente que revise la Pol\u00edtica de Privacidad de cada sitio que visite.<\/p>    <p class=\"wp-block-paragraph\">No tenemos control ni asumimos responsabilidad por el contenido, las pol\u00edticas de privacidad o las pr\u00e1cticas de sitios o servicios de terceros.<\/p>    <h1 class=\"wp-block-heading\">Cambios en esta Pol\u00edtica de Privacidad<\/h1>    <p class=\"wp-block-paragraph\">Podemos actualizar nuestra Pol\u00edtica de Privacidad ocasionalmente. Le notificaremos de cualquier cambio publicando la nueva Pol\u00edtica de Privacidad en esta p\u00e1gina.<\/p>    <p class=\"wp-block-paragraph\">Le informaremos por correo electr\u00f3nico y\/o un aviso destacado en Nuestro Servicio, antes de que la modificaci\u00f3n entre en vigor y actualizaremos la fecha de \u201c\u00daltima actualizaci\u00f3n\u201d en la parte superior de esta Pol\u00edtica de Privacidad.<\/p>    <p class=\"wp-block-paragraph\">Se le recomienda revisar esta Pol\u00edtica de Privacidad peri\u00f3dicamente para detectar cambios. Los cambios en esta Pol\u00edtica de Privacidad entran en vigor cuando se publican en esta p\u00e1gina.<\/p>    <h1 class=\"wp-block-heading\">Cont\u00e1ctenos<\/h1>    <p class=\"wp-block-paragraph\">Si tiene alguna pregunta sobre esta Pol\u00edtica de Privacidad, puede contactarnos:<\/p>    <ul class=\"wp-block-list\"><li>Por correo electr\u00f3nico: info@allpotatoes.com<\/li><li>Al visitar esta p\u00e1gina en nuestro sitio web: <a href=\"https:\/\/allpotatoes.com\/es\/contact-us\/\" rel=\"noreferrer noopener\" target=\"_blank\">https:\/\/allpotatoes.com\/contact-us<\/a><\/li><li>Por n\u00famero de tel\u00e9fono: 86 173 0382 1432<\/li><\/ul>","protected":false},"excerpt":{"rendered":"<p>Last updated: September 09, 2020 This Privacy Policy describes Our policies and procedures on the collection, use and disclosure of Your information when You use the Service and tells You about Your privacy rights and how the law protects You. We use Your Personal data to provide and improve the Service. By using the Service, [&hellip;]<\/p>\n","protected":false},"author":1,"featured_media":0,"parent":0,"menu_order":0,"comment_status":"closed","ping_status":"closed","template":"","meta":{"_crdt_document":"","footnotes":""},"class_list":["post-1398","page","type-page","status-publish","hentry"],"_links":{"self":[{"href":"https:\/\/allpotatoes.com\/es\/wp-json\/wp\/v2\/pages\/1398","targetHints":{"allow":["GET"]}}],"collection":[{"href":"https:\/\/allpotatoes.com\/es\/wp-json\/wp\/v2\/pages"}],"about":[{"href":"https:\/\/allpotatoes.com\/es\/wp-json\/wp\/v2\/types\/page"}],"author":[{"embeddable":true,"href":"https:\/\/allpotatoes.com\/es\/wp-json\/wp\/v2\/users\/1"}],"replies":[{"embeddable":true,"href":"https:\/\/allpotatoes.com\/es\/wp-json\/wp\/v2\/comments?post=1398"}],"version-history":[{"count":0,"href":"https:\/\/allpotatoes.com\/es\/wp-json\/wp\/v2\/pages\/1398\/revisions"}],"wp:attachment":[{"href":"https:\/\/allpotatoes.com\/es\/wp-json\/wp\/v2\/media?parent=1398"}],"curies":[{"name":"wp","href":"https:\/\/api.w.org\/{rel}","templated":true}]}}