{"id":20,"date":"2020-01-16T01:02:01","date_gmt":"2020-01-16T09:02:01","guid":{"rendered":"https:\/\/allpotatoes.com\/?page_id=20"},"modified":"2024-05-24T13:51:26","modified_gmt":"2024-05-24T05:51:26","slug":"about-us","status":"publish","type":"page","link":"https:\/\/allpotatoes.com\/es\/about-us\/","title":{"rendered":"Sobre nosotros"},"content":{"rendered":"<div data-elementor-type=\"wp-page\" data-elementor-id=\"20\" class=\"elementor elementor-20\" data-elementor-post-type=\"page\"> \t\t\t\t<div class=\"elementor-element elementor-element-7cfdf4c e-flex e-con-boxed e-con e-parent\" data-id=\"7cfdf4c\" data-element_type=\"container\" data-e-type=\"container\"> \t\t\t\t\t<div class=\"e-con-inner\"> \t\t\t\t<div class=\"elementor-element elementor-element-58cd58a elementor-view-stacked elementor-shape-square elementor-position-inline-start elementor-mobile-position-block-start elementor-widget elementor-widget-icon-box\" data-id=\"58cd58a\" data-element_type=\"widget\" data-e-type=\"widget\" data-widget_type=\"icon-box.default\"> \t\t\t\t\t\t\t<div class=\"elementor-icon-box-wrapper\">  \t\t\t\t\t\t<div class=\"elementor-icon-box-icon\"> \t\t\t\t<span  class=\"elementor-icon\"> \t\t\t\t<svg aria-hidden=\"true\" class=\"e-font-icon-svg e-fas-leaf\" viewbox=\"0 0 576 512\" xmlns=\"http:\/\/www.w3.org\/2000\/svg\"><path d=\"M546.2 9.7c-5.6-12.5-21.6-13-28.3-1.2C486.9 62.4 431.4 96 368 96h-80C182 96 96 182 96 288c0 7 .8 13.7 1.5 20.5C161.3 262.8 253.4 224 384 224c8.8 0 16 7.2 16 16s-7.2 16-16 16C132.6 256 26 410.1 2.4 468c-6.6 16.3 1.2 34.9 17.5 41.6 16.4 6.8 35-1.1 41.8-17.3 1.5-3.6 20.9-47.9 71.9-90.6 32.4 43.9 94 85.8 174.9 77.2C465.5 467.5 576 326.7 576 154.3c0-50.2-10.8-102.2-29.8-144.6z\"><\/path><\/svg>\t\t\t\t<\/span> \t\t\t<\/div> \t\t\t \t\t\t\t\t\t<div class=\"elementor-icon-box-content\">  \t\t\t\t\t\t\t\t\t<h3 class=\"elementor-icon-box-title\"> \t\t\t\t\t\t<span  > \t\t\t\t\t\t\tsobre nosotros\t\t\t\t\t\t<\/span> \t\t\t\t\t<\/h3> \t\t\t\t \t\t\t\t \t\t\t<\/div> \t\t\t \t\t<\/div> \t\t\t\t\t\t<\/div> \t\t\t\t\t<\/div> \t\t\t\t<\/div> \t\t<div class=\"elementor-element elementor-element-da4a183 e-flex e-con-boxed e-con e-parent\" data-id=\"da4a183\" data-element_type=\"container\" data-e-type=\"container\"> \t\t\t\t\t<div class=\"e-con-inner\"> \t\t\t\t<div class=\"elementor-element elementor-element-784f3fc elementor-widget elementor-widget-text-editor\" data-id=\"784f3fc\" data-element_type=\"widget\" data-e-type=\"widget\" data-widget_type=\"text-editor.default\"> \t\t\t\t\t\t\t\t\t<p><strong>La empresa Taizy se dedica principalmente a la fabricaci\u00f3n de l\u00edneas de procesamiento de productos fritos, como la l\u00ednea de producci\u00f3n de papas fritas, la l\u00ednea de producci\u00f3n de patatas fritas y la l\u00ednea de cortadora de pl\u00e1tanos. Todas estas l\u00edneas pueden dividirse en autom\u00e1ticas completas y semiautom\u00e1ticas, y le ofreceremos la mejor soluci\u00f3n seg\u00fan su situaci\u00f3n real, incluyendo la capacidad que desea y el tama\u00f1o de su f\u00e1brica.<\/strong><\/p>\t\t\t\t\t\t\t\t<\/div> \t\t\t\t<div class=\"elementor-element elementor-element-5216465 elementor-widget elementor-widget-text-editor\" data-id=\"5216465\" data-element_type=\"widget\" data-e-type=\"widget\" data-widget_type=\"text-editor.default\"> \t\t\t\t\t\t\t\t\t<p><strong>Nuestra empresa se adhiere al principio de tratar el beneficio del cliente como prioridad, y la satisfacci\u00f3n del cliente es nuestra motivaci\u00f3n. En el proceso de desarrollo a largo plazo, la l\u00ednea de producci\u00f3n de papas fritas completamente autom\u00e1tica ha liderado en campos relacionados con alta calidad, buen rendimiento y tecnolog\u00eda de vanguardia.<\/strong><\/p>\t\t\t\t\t\t\t\t<\/div> \t\t\t\t\t<\/div> \t\t\t\t<\/div> \t\t<div class=\"elementor-element elementor-element-ea89e37 e-flex e-con-boxed e-con e-parent\" data-id=\"ea89e37\" data-element_type=\"container\" data-e-type=\"container\" data-settings=\"{&quot;background_background&quot;:&quot;classic&quot;}\"> \t\t\t\t\t<div class=\"e-con-inner\"> \t\t<div class=\"elementor-element elementor-element-ff3a188 e-con-full e-flex e-con e-child\" data-id=\"ff3a188\" data-element_type=\"container\" data-e-type=\"container\"> \t\t\t\t<div class=\"elementor-element elementor-element-e056370 elementor-widget elementor-widget-image\" data-id=\"e056370\" data-element_type=\"widget\" data-e-type=\"widget\" data-widget_type=\"image.default\"> \t\t\t\t\t\t\t\t\t\t\t\t\t\t\t<img decoding=\"async\" width=\"218\" height=\"219\" src=\"https:\/\/allpotatoes.com\/wp-content\/uploads\/2020\/03\/french-fires.jpg\" class=\"attachment-large size-large wp-image-270\" alt=\"\" \/>\t\t\t\t\t\t\t\t\t\t\t\t\t\t\t<\/div> \t\t\t\t<div class=\"elementor-element elementor-element-0af9272 elementor-widget elementor-widget-image\" data-id=\"0af9272\" data-element_type=\"widget\" data-e-type=\"widget\" data-widget_type=\"image.default\"> \t\t\t\t\t\t\t\t\t\t\t\t\t\t\t<img decoding=\"async\" width=\"218\" height=\"219\" src=\"https:\/\/allpotatoes.com\/wp-content\/uploads\/2020\/03\/potato-chips.jpg\" class=\"attachment-large size-large wp-image-272\" alt=\"\" \/>\t\t\t\t\t\t\t\t\t\t\t\t\t\t\t<\/div> \t\t\t\t<\/div> \t\t<div class=\"elementor-element elementor-element-790b001 e-con-full e-flex e-con e-child\" data-id=\"790b001\" data-element_type=\"container\" data-e-type=\"container\"> \t\t\t\t<div class=\"elementor-element elementor-element-8e6b09f elementor-widget elementor-widget-heading\" data-id=\"8e6b09f\" data-element_type=\"widget\" data-e-type=\"widget\" data-widget_type=\"heading.default\"> \t\t\t\t\t<h2 class=\"elementor-heading-title elementor-size-default\">Nuestro servicio<\/h2>\t\t\t\t<\/div> \t\t\t\t<div class=\"elementor-element elementor-element-223af1a elementor-widget elementor-widget-text-editor\" data-id=\"223af1a\" data-element_type=\"widget\" data-e-type=\"widget\" data-widget_type=\"text-editor.default\"> \t\t\t\t\t\t\t\t\t<p><strong>Proporcionamos a nuestros clientes una amplia gama de servicios t\u00e9cnicos y las mejores soluciones basadas en sus necesidades. Si es necesario, nuestra empresa asignar\u00e1 t\u00e9cnicos profesionales para instalar y poner en marcha la m\u00e1quina por usted. Adem\u00e1s, podemos enviarle un manual de operaci\u00f3n completo y cient\u00edfico, y capacitar a sus trabajadores hasta que sepan c\u00f3mo usar la m\u00e1quina completamente.<\/strong><\/p>\t\t\t\t\t\t\t\t<\/div> \t\t\t\t<\/div> \t\t\t\t\t<\/div> \t\t\t\t<\/div> \t\t\t\t<\/div>","protected":false},"excerpt":{"rendered":"<p>about us Taizy company mainly engages\u00a0in manufacturing fried product processing line such as French Fries production line, potato chips production line and banana slicer production line. All of these lines can be divided into full automatic and semi-automatic one, and we will give you best solution according to your real situation including the capacity you [&hellip;]<\/p>\n","protected":false},"author":1,"featured_media":0,"parent":0,"menu_order":0,"comment_status":"closed","ping_status":"closed","template":"","meta":{"footnotes":""},"class_list":["post-20","page","type-page","status-publish","hentry"],"_links":{"self":[{"href":"https:\/\/allpotatoes.com\/es\/wp-json\/wp\/v2\/pages\/20","targetHints":{"allow":["GET"]}}],"collection":[{"href":"https:\/\/allpotatoes.com\/es\/wp-json\/wp\/v2\/pages"}],"about":[{"href":"https:\/\/allpotatoes.com\/es\/wp-json\/wp\/v2\/types\/page"}],"author":[{"embeddable":true,"href":"https:\/\/allpotatoes.com\/es\/wp-json\/wp\/v2\/users\/1"}],"replies":[{"embeddable":true,"href":"https:\/\/allpotatoes.com\/es\/wp-json\/wp\/v2\/comments?post=20"}],"version-history":[{"count":0,"href":"https:\/\/allpotatoes.com\/es\/wp-json\/wp\/v2\/pages\/20\/revisions"}],"wp:attachment":[{"href":"https:\/\/allpotatoes.com\/es\/wp-json\/wp\/v2\/media?parent=20"}],"curies":[{"name":"wp","href":"https:\/\/api.w.org\/{rel}","templated":true}]}}