{"id":1398,"date":"2020-09-09T02:09:05","date_gmt":"2020-09-09T09:09:05","guid":{"rendered":"https:\/\/allpotatoes.com\/?page_id=1398"},"modified":"2024-12-30T14:17:04","modified_gmt":"2024-12-30T06:17:04","slug":"privacy-policy","status":"publish","type":"page","link":"https:\/\/allpotatoes.com\/fr\/privacy-policy\/","title":{"rendered":"Politique de Confidentialit\u00e9"},"content":{"rendered":"<p class=\"wp-block-paragraph\">Derni\u00e8re mise \u00e0 jour : 09 septembre 2020<\/p>    <p class=\"wp-block-paragraph\">Cette Politique de Confidentialit\u00e9 d\u00e9crit Nos politiques et proc\u00e9dures concernant la collecte, l'utilisation et la divulgation de Vos informations lorsque Vous utilisez le Service et vous informe de Vos droits en mati\u00e8re de confidentialit\u00e9 et de la fa\u00e7on dont la loi vous prot\u00e8ge.<\/p>    <p class=\"wp-block-paragraph\">Nous utilisons Vos Donn\u00e9es Personnelles pour fournir et am\u00e9liorer le Service. En utilisant le Service, Vous acceptez la collecte et l'utilisation des informations conform\u00e9ment \u00e0 cette Politique de Confidentialit\u00e9. Cette Politique de Confidentialit\u00e9 a \u00e9t\u00e9 cr\u00e9\u00e9e avec l'aide du G\u00e9n\u00e9rateur de Politique de Confidentialit\u00e9.<\/p>    <h1 class=\"wp-block-heading\">Interpr\u00e9tation et D\u00e9finitions<\/h1>    <h2 class=\"wp-block-heading\">Interpr\u00e9tation<\/h2>    <p class=\"wp-block-paragraph\">Les mots dont la premi\u00e8re lettre est en majuscule ont des significations d\u00e9finies dans les conditions suivantes. Les d\u00e9finitions suivantes auront la m\u00eame signification, qu'elles apparaissent au singulier ou au pluriel.<\/p>    <h2 class=\"wp-block-heading\">D\u00e9finitions<\/h2>    <p class=\"wp-block-paragraph\">Aux fins de cette Politique de Confidentialit\u00e9 :<\/p>    <ul class=\"wp-block-list\"><li><strong>Compte<\/strong> d\u00e9signe un compte unique cr\u00e9\u00e9 pour Vous afin d'acc\u00e9der \u00e0 notre Service ou \u00e0 une partie de celui-ci.<\/li><li><strong>Soci\u00e9t\u00e9<\/strong> (d\u00e9sign\u00e9 comme \u00ab la Soci\u00e9t\u00e9 \u00bb, \u00ab Nous \u00bb, \u00ab Notre \u00bb ou \u00ab Nos \u00bb dans cet Accord) d\u00e9signe Taizy Machinery LLC, Zhengzhou, Chine.<\/li><li><strong>Cookies<\/strong> sont de petits fichiers plac\u00e9s sur Votre ordinateur, appareil mobile ou tout autre appareil par un site Web, contenant les d\u00e9tails de Votre historique de navigation sur ce site parmi ses nombreuses utilisations.<\/li><li><strong>Pays<\/strong> d\u00e9signe : Chine<\/li><li><strong>Appareil<\/strong> d\u00e9signe tout appareil pouvant acc\u00e9der au Service, tel qu'un ordinateur, un t\u00e9l\u00e9phone ou une tablette num\u00e9rique.<\/li><li><strong>Donn\u00e9es Personnelles<\/strong> est toute information relative \u00e0 une personne identifi\u00e9e ou identifiable.<\/li><li><strong>Service<\/strong> d\u00e9signe le Site Web.<\/li><li><strong>Fournisseur de services<\/strong> d\u00e9signe toute personne physique ou morale qui traite les donn\u00e9es pour le compte de la Soci\u00e9t\u00e9. Il s'agit de soci\u00e9t\u00e9s ou d'individus tiers employ\u00e9s par la Soci\u00e9t\u00e9 pour faciliter le Service, fournir le Service au nom de la Soci\u00e9t\u00e9, effectuer des services li\u00e9s au Service ou aider la Soci\u00e9t\u00e9 \u00e0 analyser l'utilisation du Service.<\/li><li><strong>Service de m\u00e9dias sociaux tiers<\/strong> d\u00e9signe tout site Web ou tout site de r\u00e9seau social via lequel un Utilisateur peut se connecter ou cr\u00e9er un compte pour utiliser le Service.<\/li><li><strong>Donn\u00e9es d'Utilisation<\/strong> d\u00e9signe les donn\u00e9es collect\u00e9es automatiquement, soit g\u00e9n\u00e9r\u00e9es par l'utilisation du Service, soit par l'infrastructure du Service elle-m\u00eame (par exemple, la dur\u00e9e d'une visite de page).<\/li><li><strong>Site Web<\/strong> d\u00e9signe la soci\u00e9t\u00e9 Taizy, accessible depuis <a href=\"https:\/\/allpotatoes.com\/fr\/\" rel=\"noreferrer noopener\" target=\"_blank\">https:\/\/allpotatoes.com<\/a><\/li><li><strong>Vous<\/strong> d\u00e9signe la personne acc\u00e9dant ou utilisant le Service, ou la soci\u00e9t\u00e9 ou autre entit\u00e9 juridique au nom de laquelle cette personne acc\u00e8de ou utilise le Service, selon le cas.<\/li><\/ul>    <h1 class=\"wp-block-heading\">Collecte et Utilisation de Vos Donn\u00e9es Personnelles<\/h1>    <h2 class=\"wp-block-heading\">Types de donn\u00e9es collect\u00e9es<\/h2>    <h3 class=\"wp-block-heading\">Donn\u00e9es Personnelles<\/h3>    <p class=\"wp-block-paragraph\">Lors de l'utilisation de Notre Service, Nous pouvons vous demander de nous fournir certaines informations personnellement identifiables qui peuvent \u00eatre utilis\u00e9es pour vous contacter ou vous identifier. Les informations personnellement identifiables peuvent inclure, mais sans s'y limiter :<\/p>    <ul class=\"wp-block-list\"><li>Adresse email<\/li><li>Pr\u00e9nom et nom<\/li><li>Num\u00e9ro de t\u00e9l\u00e9phone<\/li><li>Adresse, \u00c9tat, Province, Code postal, Ville<\/li><li>Donn\u00e9es d'Utilisation<\/li><\/ul>    <h3 class=\"wp-block-heading\">Donn\u00e9es d'Utilisation<\/h3>    <p class=\"wp-block-paragraph\">Les Donn\u00e9es d'Utilisation sont collect\u00e9es automatiquement lors de l'utilisation du Service.<\/p>    <p class=\"wp-block-paragraph\">Les Donn\u00e9es d'Utilisation peuvent inclure des informations telles que l'adresse IP de Votre appareil (par exemple, IP), le type de navigateur, la version du navigateur, les pages de notre Service que Vous visitez, la date et l'heure de votre visite, le temps pass\u00e9 sur ces pages, des identifiants d'appareil uniques et d'autres donn\u00e9es de diagnostic.<\/p>    <p class=\"wp-block-paragraph\">Lorsque Vous acc\u00e9dez au Service via ou par un appareil mobile, Nous pouvons collecter automatiquement certaines informations, notamment, mais sans s'y limiter, le type d'appareil mobile que Vous utilisez, l'ID unique de votre appareil mobile, l'adresse IP de votre appareil mobile, votre syst\u00e8me d'exploitation mobile, le type de navigateur Internet mobile que vous utilisez, les identifiants d'appareil uniques et d'autres donn\u00e9es de diagnostic.<\/p>    <p class=\"wp-block-paragraph\">Nous pouvons \u00e9galement collecter des informations que votre navigateur envoie chaque fois que vous visitez notre Service ou lorsque vous acc\u00e9dez au Service via ou par un appareil mobile.<\/p>    <h3 class=\"wp-block-heading\">Technologies de suivi et Cookies<\/h3>    <p class=\"wp-block-paragraph\">Nous utilisons des Cookies et des technologies de suivi similaires pour suivre l'activit\u00e9 sur Notre Service et stocker certaines informations. Les technologies de suivi utilis\u00e9es sont des balises, des tags et des scripts pour collecter et suivre des informations, afin d'am\u00e9liorer et d'analyser Notre Service.<\/p>    <p class=\"wp-block-paragraph\">Vous pouvez demander \u00e0 votre navigateur de refuser tous les Cookies ou d'indiquer quand un Cookie est envoy\u00e9. Cependant, si Vous n'acceptez pas les Cookies, il se peut que vous ne puissiez pas utiliser certaines parties de notre Service.<\/p>    <p class=\"wp-block-paragraph\">Les Cookies peuvent \u00eatre \u00ab Persistants \u00bb ou \u00ab de Session \u00bb. Les Cookies Persistants restent sur votre ordinateur personnel ou appareil mobile lorsque vous \u00eates hors ligne, tandis que les Cookies de Session sont supprim\u00e9s d\u00e8s que vous fermez votre navigateur Web. En savoir plus sur les cookies : Tout sur les Cookies.<\/p>    <p class=\"wp-block-paragraph\">Nous utilisons \u00e0 la fois des Cookies de session et persistants pour les finalit\u00e9s d\u00e9crites ci-dessous :<\/p>    <ul class=\"wp-block-list\"><li><strong>Cookies n\u00e9cessaires \/ essentiels<\/strong> Type : Cookies de session Administr\u00e9s par : Nous Objectif : Ces Cookies sont essentiels pour vous fournir les services disponibles via le Site Web et pour vous permettre d'utiliser certaines de ses fonctionnalit\u00e9s. Ils aident \u00e0 authentifier les utilisateurs et \u00e0 pr\u00e9venir l'utilisation frauduleuse des comptes utilisateur. Sans ces Cookies, les services que Vous avez demand\u00e9s ne peuvent pas \u00eatre fournis, et Nous utilisons uniquement ces Cookies pour vous fournir ces services.<\/li><li><strong>Politique \/ Avis d'acceptation des Cookies<\/strong> Type : Cookies persistants Administr\u00e9s par : Nous Objectif : Ces Cookies identifient si les utilisateurs ont accept\u00e9 l'utilisation des cookies sur le Site Web.<\/li><li><strong>Cookies de fonctionnalit\u00e9<\/strong> Type : Cookies persistants Administr\u00e9s par : Nous Objectif : Ces Cookies nous permettent de m\u00e9moriser les choix que Vous faites lorsque Vous utilisez le Site Web, tels que la m\u00e9morisation de vos identifiants de connexion ou de votre pr\u00e9f\u00e9rence linguistique. L'objectif de ces Cookies est de vous offrir une exp\u00e9rience plus personnalis\u00e9e et d'\u00e9viter que Vous ayez \u00e0 ressaisir vos pr\u00e9f\u00e9rences \u00e0 chaque utilisation du Site Web.<\/li><\/ul>    <p class=\"wp-block-paragraph\">Pour plus d'informations sur les cookies que nous utilisons et vos choix concernant les cookies, veuillez consulter notre Politique de Cookies ou la section Cookies de notre Politique de Confidentialit\u00e9.<\/p>    <h2 class=\"wp-block-heading\">Utilisation de Vos Donn\u00e9es Personnelles<\/h2>    <p class=\"wp-block-paragraph\">La Soci\u00e9t\u00e9 peut utiliser les Donn\u00e9es Personnelles pour les finalit\u00e9s suivantes :<\/p>    <ul class=\"wp-block-list\"><li><strong>Pour fournir et maintenir notre Service<\/strong>, y compris pour surveiller l'utilisation de notre Service.<\/li><li><strong>Pour g\u00e9rer Votre Compte :<\/strong> pour g\u00e9rer votre inscription en tant qu'utilisateur du Service. Les Donn\u00e9es Personnelles que vous fournissez peuvent vous donner acc\u00e8s \u00e0 diff\u00e9rentes fonctionnalit\u00e9s du Service qui sont disponibles pour vous en tant qu'utilisateur inscrit.<\/li><li><strong>Pour l'ex\u00e9cution d'un contrat :<\/strong> pour l'ex\u00e9cution, la conformit\u00e9 et la r\u00e9alisation du contrat d'achat pour les produits, articles ou services que Vous avez achet\u00e9s ou pour tout autre contrat avec Nous via le Service.<\/li><li><strong>Pour vous contacter :<\/strong> Pour vous contacter par email, appels t\u00e9l\u00e9phoniques, SMS ou autres formes \u00e9quivalentes de communication \u00e9lectronique, telles que les notifications push d'une application mobile concernant des mises \u00e0 jour ou des communications informatives li\u00e9es aux fonctionnalit\u00e9s, produits ou services contract\u00e9s, y compris les mises \u00e0 jour de s\u00e9curit\u00e9, lorsque cela est n\u00e9cessaire ou raisonnable pour leur mise en \u0153uvre.<\/li><li><strong>Pour Vous fournir<\/strong> avec des actualit\u00e9s, offres sp\u00e9ciales et informations g\u00e9n\u00e9rales sur d'autres biens, services et \u00e9v\u00e9nements que nous proposons et qui sont similaires \u00e0 ceux que vous avez d\u00e9j\u00e0 achet\u00e9s ou demand\u00e9s, sauf si Vous avez choisi de ne pas recevoir ces informations.<\/li><li><strong>Pour g\u00e9rer Vos demandes :<\/strong> Pour r\u00e9pondre et g\u00e9rer Vos demandes aupr\u00e8s de Nous.<\/li><\/ul>    <p class=\"wp-block-paragraph\">Nous pouvons partager vos informations personnelles dans les situations suivantes :<\/p>    <ul class=\"wp-block-list\"><li><strong>Avec des Fournisseurs de Service :<\/strong> Nous pouvons partager Vos informations personnelles avec des Fournisseurs de Service pour surveiller et analyser l'utilisation de notre Service, pour vous contacter.<\/li><li><strong>Pour les transferts commerciaux :<\/strong> Nous pouvons partager ou transf\u00e9rer Vos informations personnelles dans le cadre de, ou lors de n\u00e9gociations de, toute fusion, vente d'actifs de la Soci\u00e9t\u00e9, financement ou acquisition de tout ou partie de notre activit\u00e9 par une autre soci\u00e9t\u00e9.<\/li><li><strong>Avec des Affili\u00e9s :<\/strong> Nous pouvons partager Vos informations avec Nos affili\u00e9s, auquel cas nous exigerons que ces affili\u00e9s respectent cette Politique de Confidentialit\u00e9. Les affili\u00e9s incluent Notre soci\u00e9t\u00e9 m\u00e8re et toute autre filiale, partenaire de coentreprise ou autre soci\u00e9t\u00e9 que Nous contr\u00f4lons ou qui est sous contr\u00f4le commun avec Nous.<\/li><li><strong>Avec des partenaires commerciaux :<\/strong> Nous pouvons partager Vos informations avec Nos partenaires commerciaux pour vous offrir certains produits, services ou promotions.<\/li><li><strong>Avec d'autres utilisateurs :<\/strong> Lorsque Vous partagez des informations personnelles ou interagissez autrement dans les zones publiques avec d'autres utilisateurs, ces informations peuvent \u00eatre vues par tous les utilisateurs et peuvent \u00eatre diffus\u00e9es publiquement en dehors. Si Vous interagissez avec d'autres utilisateurs ou vous inscrivez via un Service de m\u00e9dias sociaux tiers, Vos contacts sur le Service de m\u00e9dias sociaux tiers peuvent voir Votre nom, profil, photos et description de Votre activit\u00e9. De m\u00eame, d'autres utilisateurs pourront voir des descriptions de Votre activit\u00e9, communiquer avec Vous et voir Votre profil.<\/li><\/ul>    <h2 class=\"wp-block-heading\">Conservation de Vos Donn\u00e9es Personnelles<\/h2>    <p class=\"wp-block-paragraph\">La Soci\u00e9t\u00e9 conservera Vos Donn\u00e9es Personnelles uniquement aussi longtemps que n\u00e9cessaire pour les finalit\u00e9s \u00e9nonc\u00e9es dans cette Politique de Confidentialit\u00e9. Nous conserverons et utiliserons Vos Donn\u00e9es Personnelles dans la mesure n\u00e9cessaire pour respecter nos obligations l\u00e9gales (par exemple, si nous sommes tenus de conserver vos donn\u00e9es pour respecter les lois applicables), r\u00e9soudre les litiges et faire respecter nos accords et politiques l\u00e9gaux.<\/p>    <p class=\"wp-block-paragraph\">La Soci\u00e9t\u00e9 conservera \u00e9galement les Donn\u00e9es d'Utilisation \u00e0 des fins d'analyse interne. Les Donn\u00e9es d'Utilisation sont g\u00e9n\u00e9ralement conserv\u00e9es pour une p\u00e9riode plus courte, sauf lorsque ces donn\u00e9es sont utilis\u00e9es pour renforcer la s\u00e9curit\u00e9 ou am\u00e9liorer la fonctionnalit\u00e9 de Notre Service, ou lorsque Nous sommes l\u00e9galement oblig\u00e9s de conserver ces donn\u00e9es plus longtemps.<\/p>    <h2 class=\"wp-block-heading\">Transfert de Vos Donn\u00e9es Personnelles<\/h2>    <p class=\"wp-block-paragraph\">Vos informations, y compris les Donn\u00e9es Personnelles, sont trait\u00e9es dans les bureaux op\u00e9rationnels de la Soci\u00e9t\u00e9 et dans tout autre lieu o\u00f9 les parties impliqu\u00e9es dans le traitement sont situ\u00e9es. Cela signifie que ces informations peuvent \u00eatre transf\u00e9r\u00e9es \u2014 et conserv\u00e9es \u2014 sur des ordinateurs situ\u00e9s en dehors de Votre \u00e9tat, province, pays ou autre juridiction gouvernementale o\u00f9 les lois sur la protection des donn\u00e9es peuvent diff\u00e9rer de celles de Votre juridiction.<\/p>    <p class=\"wp-block-paragraph\">Votre consentement \u00e0 cette Politique de Confidentialit\u00e9, suivi de la Soumission de telles informations, constitue votre accord \u00e0 ce transfert.<\/p>    <p class=\"wp-block-paragraph\">La Soci\u00e9t\u00e9 prendra toutes les mesures raisonnablement n\u00e9cessaires pour garantir que Vos donn\u00e9es soient trait\u00e9es en toute s\u00e9curit\u00e9 et conform\u00e9ment \u00e0 cette Politique de Confidentialit\u00e9, et aucun transfert de Vos Donn\u00e9es Personnelles ne sera effectu\u00e9 vers une organisation ou un pays \u00e0 moins que des contr\u00f4les ad\u00e9quats ne soient en place, notamment la s\u00e9curit\u00e9 de Vos donn\u00e9es et autres informations personnelles.<\/p>    <h2 class=\"wp-block-heading\">Divulgation de Vos Donn\u00e9es Personnelles<\/h2>    <h3 class=\"wp-block-heading\">Transactions commerciales<\/h3>    <p class=\"wp-block-paragraph\">Si la Soci\u00e9t\u00e9 est impliqu\u00e9e dans une fusion, une acquisition ou une vente d'actifs, Vos Donn\u00e9es Personnelles peuvent \u00eatre transf\u00e9r\u00e9es. Nous vous en informerons avant que Vos Donn\u00e9es Personnelles ne soient transf\u00e9r\u00e9es et ne deviennent soumises \u00e0 une Politique de Confidentialit\u00e9 diff\u00e9rente.<\/p>    <h3 class=\"wp-block-heading\">Application de la loi<\/h3>    <p class=\"wp-block-paragraph\">Dans certaines circonstances, la Soci\u00e9t\u00e9 peut \u00eatre tenue de divulguer Vos Donn\u00e9es Personnelles si cela est requis par la loi ou en r\u00e9ponse \u00e0 des demandes valides des autorit\u00e9s publiques (par exemple, un tribunal ou une agence gouvernementale).<\/p>    <h3 class=\"wp-block-heading\">Autres exigences l\u00e9gales<\/h3>    <p class=\"wp-block-paragraph\">La Soci\u00e9t\u00e9 peut divulguer Vos Donn\u00e9es Personnelles de bonne foi si une telle action est n\u00e9cessaire pour :<\/p>    <ul class=\"wp-block-list\"><li>Se conformer \u00e0 une obligation l\u00e9gale<\/li><li>Prot\u00e9ger et d\u00e9fendre les droits ou la propri\u00e9t\u00e9 de la Soci\u00e9t\u00e9<\/li><li>Pr\u00e9venir ou enqu\u00eater sur d'\u00e9ventuelles infractions en lien avec le Service<\/li><li>Prot\u00e9ger la s\u00e9curit\u00e9 personnelle des Utilisateurs du Service ou du public<\/li><li>Se prot\u00e9ger contre la responsabilit\u00e9 l\u00e9gale<\/li><\/ul>    <h2 class=\"wp-block-heading\">S\u00e9curit\u00e9 de Vos Donn\u00e9es Personnelles<\/h2>    <p class=\"wp-block-paragraph\">La s\u00e9curit\u00e9 de Vos Donn\u00e9es Personnelles est importante pour Nous, mais rappelez-vous qu'aucune m\u00e9thode de transmission sur Internet ou de stockage \u00e9lectronique n'est 100% s\u00e9curis\u00e9e. Bien que Nous nous effor\u00e7ons d'utiliser des moyens commercialement acceptables pour prot\u00e9ger Vos Donn\u00e9es Personnelles, Nous ne pouvons garantir leur s\u00e9curit\u00e9 absolue.<\/p>    <h1 class=\"wp-block-heading\">Vos Droits de Confidentialit\u00e9 en Californie (loi Shine the Light de Californie)<\/h1>    <p class=\"wp-block-paragraph\">Selon la section 1798 du Code civil de Californie (loi Shine the Light de Californie), les r\u00e9sidents californiens ayant une relation commerciale \u00e9tablie avec nous peuvent demander une fois par an des informations concernant le partage de leurs Donn\u00e9es Personnelles avec des tiers \u00e0 des fins de marketing direct de ces tiers.<\/p>    <p class=\"wp-block-paragraph\">Si vous souhaitez demander plus d'informations en vertu de la loi californienne Shine the Light, et si vous \u00eates r\u00e9sident de Californie, Vous pouvez nous contacter en utilisant les coordonn\u00e9es ci-dessous.<\/p>    <h1 class=\"wp-block-heading\">Droits \u00e0 la Confidentialit\u00e9 en Californie pour les utilisateurs mineurs (section 22581 du Code des professions et des affaires de Californie)<\/h1>    <p class=\"wp-block-paragraph\">La section 22581 du Code des professions et des affaires de Californie permet aux r\u00e9sidents californiens de moins de 18 ans, inscrits sur des sites, services ou applications en ligne, de demander et d'obtenir la suppression du contenu ou des informations qu'ils ont publiquement post\u00e9s.<\/p>    <p class=\"wp-block-paragraph\">Pour demander la suppression de ces donn\u00e9es, et si vous \u00eates r\u00e9sident de Californie, Vous pouvez nous contacter en utilisant les coordonn\u00e9es ci-dessous, et inclure l'adresse email associ\u00e9e \u00e0 Votre compte.<\/p>    <p class=\"wp-block-paragraph\">Soyez conscient que votre demande ne garantit pas une suppression compl\u00e8te ou exhaustive du contenu ou des informations publi\u00e9s en ligne et que la loi peut ne pas permettre ou exiger la suppression dans certaines circonstances.<\/p>    <h1 class=\"wp-block-heading\">Liens vers d'autres sites Web<\/h1>    <p class=\"wp-block-paragraph\">Notre Service peut contenir des liens vers d'autres sites Web qui ne sont pas exploit\u00e9s par Nous. Si Vous cliquez sur un lien tiers, Vous serez dirig\u00e9 vers le site de ce tiers. Nous vous conseillons vivement de consulter la Politique de Confidentialit\u00e9 de chaque site que Vous visitez.<\/p>    <p class=\"wp-block-paragraph\">Nous n'avons aucun contr\u00f4le ni aucune responsabilit\u00e9 concernant le contenu, les politiques de confidentialit\u00e9 ou les pratiques de tout site ou service tiers.<\/p>    <h1 class=\"wp-block-heading\">Modifications de cette Politique de Confidentialit\u00e9<\/h1>    <p class=\"wp-block-paragraph\">Nous pouvons mettre \u00e0 jour notre Politique de Confidentialit\u00e9 de temps \u00e0 autre. Nous vous notifierons de toute modification en publiant la nouvelle Politique de Confidentialit\u00e9 sur cette page.<\/p>    <p class=\"wp-block-paragraph\">Nous vous informerons par email et\/ou par un avis visible sur Notre Service, avant que la modification ne devienne effective, et mettrons \u00e0 jour la date de \u00ab Derni\u00e8re mise \u00e0 jour \u00bb en haut de cette Politique de Confidentialit\u00e9.<\/p>    <p class=\"wp-block-paragraph\">Il est conseill\u00e9 de revoir cette Politique de Confidentialit\u00e9 p\u00e9riodiquement pour toute modification. Les modifications de cette Politique de Confidentialit\u00e9 prennent effet lorsqu'elles sont publi\u00e9es sur cette page.<\/p>    <h1 class=\"wp-block-heading\">Contactez-nous<\/h1>    <p class=\"wp-block-paragraph\">Si vous avez des questions concernant cette Politique de Confidentialit\u00e9, Vous pouvez nous contacter :<\/p>    <ul class=\"wp-block-list\"><li>Par email : info@allpotatoes.com<\/li><li>En visitant cette page sur notre site Web : <a href=\"https:\/\/allpotatoes.com\/fr\/contact-us\/\" rel=\"noreferrer noopener\" target=\"_blank\">https:\/\/allpotatoes.com\/contact-us<\/a><\/li><li>Par num\u00e9ro de t\u00e9l\u00e9phone : 86 173 0382 1432<\/li><\/ul>","protected":false},"excerpt":{"rendered":"<p>Last updated: September 09, 2020 This Privacy Policy describes Our policies and procedures on the collection, use and disclosure of Your information when You use the Service and tells You about Your privacy rights and how the law protects You. We use Your Personal data to provide and improve the Service. By using the Service, [&hellip;]<\/p>\n","protected":false},"author":1,"featured_media":0,"parent":0,"menu_order":0,"comment_status":"closed","ping_status":"closed","template":"","meta":{"_crdt_document":"","footnotes":""},"class_list":["post-1398","page","type-page","status-publish","hentry"],"_links":{"self":[{"href":"https:\/\/allpotatoes.com\/fr\/wp-json\/wp\/v2\/pages\/1398","targetHints":{"allow":["GET"]}}],"collection":[{"href":"https:\/\/allpotatoes.com\/fr\/wp-json\/wp\/v2\/pages"}],"about":[{"href":"https:\/\/allpotatoes.com\/fr\/wp-json\/wp\/v2\/types\/page"}],"author":[{"embeddable":true,"href":"https:\/\/allpotatoes.com\/fr\/wp-json\/wp\/v2\/users\/1"}],"replies":[{"embeddable":true,"href":"https:\/\/allpotatoes.com\/fr\/wp-json\/wp\/v2\/comments?post=1398"}],"version-history":[{"count":0,"href":"https:\/\/allpotatoes.com\/fr\/wp-json\/wp\/v2\/pages\/1398\/revisions"}],"wp:attachment":[{"href":"https:\/\/allpotatoes.com\/fr\/wp-json\/wp\/v2\/media?parent=1398"}],"curies":[{"name":"wp","href":"https:\/\/api.w.org\/{rel}","templated":true}]}}