{"id":12243,"date":"2025-10-21T17:06:36","date_gmt":"2025-10-21T09:06:36","guid":{"rendered":"https:\/\/allpotatoes.com\/?page_id=12243"},"modified":"2025-10-21T17:06:37","modified_gmt":"2025-10-21T09:06:37","slug":"we-cant-show-any-link-suggestions-for-this-post","status":"publish","type":"page","link":"https:\/\/allpotatoes.com\/pt\/we-cant-show-any-link-suggestions-for-this-post\/","title":{"rendered":"N\u00e3o podemos exibir sugest\u00f5es de links para esta publica\u00e7\u00e3o.\u00a0"},"content":{"rendered":"<p class=\"wp-block-paragraph\">Tente selecionar categorias e tags para esta publica\u00e7\u00e3o, e marque outras publica\u00e7\u00f5es como Conte\u00fado Pilar para que elas apare\u00e7am aqui.<\/p>","protected":false},"excerpt":{"rendered":"<p>Tente selecionar categorias e tags para esta publica\u00e7\u00e3o, e marque outras publica\u00e7\u00f5es como Conte\u00fado Pilar para que elas apare\u00e7am aqui.<\/p>","protected":false},"author":1,"featured_media":0,"parent":0,"menu_order":0,"comment_status":"closed","ping_status":"closed","template":"","meta":{"_crdt_document":"","footnotes":""},"class_list":["post-12243","page","type-page","status-publish","hentry"],"_links":{"self":[{"href":"https:\/\/allpotatoes.com\/pt\/wp-json\/wp\/v2\/pages\/12243","targetHints":{"allow":["GET"]}}],"collection":[{"href":"https:\/\/allpotatoes.com\/pt\/wp-json\/wp\/v2\/pages"}],"about":[{"href":"https:\/\/allpotatoes.com\/pt\/wp-json\/wp\/v2\/types\/page"}],"author":[{"embeddable":true,"href":"https:\/\/allpotatoes.com\/pt\/wp-json\/wp\/v2\/users\/1"}],"replies":[{"embeddable":true,"href":"https:\/\/allpotatoes.com\/pt\/wp-json\/wp\/v2\/comments?post=12243"}],"version-history":[{"count":0,"href":"https:\/\/allpotatoes.com\/pt\/wp-json\/wp\/v2\/pages\/12243\/revisions"}],"wp:attachment":[{"href":"https:\/\/allpotatoes.com\/pt\/wp-json\/wp\/v2\/media?parent=12243"}],"curies":[{"name":"wp","href":"https:\/\/api.w.org\/{rel}","templated":true}]}}