{"id":1398,"date":"2020-09-09T02:09:05","date_gmt":"2020-09-09T09:09:05","guid":{"rendered":"https:\/\/allpotatoes.com\/?page_id=1398"},"modified":"2024-12-30T14:17:04","modified_gmt":"2024-12-30T06:17:04","slug":"privacy-policy","status":"publish","type":"page","link":"https:\/\/allpotatoes.com\/pt\/privacy-policy\/","title":{"rendered":"Pol\u00edtica de Privacidade"},"content":{"rendered":"<p class=\"wp-block-paragraph\">\u00daltima atualiza\u00e7\u00e3o: 09 de setembro, 2020<\/p>    <p class=\"wp-block-paragraph\">Esta Pol\u00edtica de Privacidade descreve nossas pol\u00edticas e procedimentos sobre a coleta, uso e divulga\u00e7\u00e3o de suas informa\u00e7\u00f5es quando voc\u00ea usa o Servi\u00e7o e informa sobre seus direitos de privacidade e como a lei o protege.<\/p>    <p class=\"wp-block-paragraph\">Usamos seus Dados Pessoais para fornecer e melhorar o Servi\u00e7o. Ao usar o Servi\u00e7o, voc\u00ea concorda com a coleta e uso de informa\u00e7\u00f5es de acordo com esta Pol\u00edtica de Privacidade. Esta Pol\u00edtica de Privacidade foi criada com a ajuda do Gerador de Pol\u00edticas de Privacidade.<\/p>    <h1 class=\"wp-block-heading\">Interpreta\u00e7\u00e3o e Defini\u00e7\u00f5es<\/h1>    <h2 class=\"wp-block-heading\">Interpreta\u00e7\u00e3o<\/h2>    <p class=\"wp-block-paragraph\">As palavras cuja letra inicial \u00e9 mai\u00fascula t\u00eam os significados definidos nas seguintes condi\u00e7\u00f5es. As seguintes defini\u00e7\u00f5es ter\u00e3o o mesmo significado, independentemente de aparecerem no singular ou no plural.<\/p>    <h2 class=\"wp-block-heading\">Defini\u00e7\u00f5es<\/h2>    <p class=\"wp-block-paragraph\">Para os fins desta Pol\u00edtica de Privacidade:<\/p>    <ul class=\"wp-block-list\"><li><strong>Conta<\/strong> refere-se a uma conta \u00fanica criada para voc\u00ea acessar nosso Servi\u00e7o ou partes do nosso Servi\u00e7o.<\/li><li><strong>Empresa<\/strong> (referido como \u201ca Empresa\u201d, \u201cN\u00f3s\u201d, \u201cNos\u201d ou \u201cNosso\u201d neste Acordo) refere-se \u00e0 Taizy Machinery LLC, Zhengzhou, China.<\/li><li><strong>Cookies<\/strong> s\u00e3o pequenos arquivos que s\u00e3o colocados no seu computador, dispositivo m\u00f3vel ou qualquer outro dispositivo por um site, contendo detalhes do seu hist\u00f3rico de navega\u00e7\u00e3o nesse site, entre seus muitos usos.<\/li><li><strong>Pa\u00eds<\/strong> refere-se a: China<\/li><li><strong>Dispositivo<\/strong> refere-se a qualquer dispositivo que possa acessar o Servi\u00e7o, como um computador, celular ou tablet digital.<\/li><li><strong>Dados Pessoais<\/strong> \u00e9 qualquer informa\u00e7\u00e3o que se relacione a um indiv\u00edduo identificado ou identific\u00e1vel.<\/li><li><strong>Servi\u00e7o<\/strong> refere-se ao Website.<\/li><li><strong>Provedor de Servi\u00e7o<\/strong> refere-se a qualquer pessoa f\u00edsica ou jur\u00eddica que processa os dados em nome da Empresa. Refere-se a empresas ou indiv\u00edduos de terceiros empregados pela Empresa para facilitar o Servi\u00e7o, fornecer o Servi\u00e7o em nome da Empresa, realizar servi\u00e7os relacionados ao Servi\u00e7o ou auxiliar a Empresa na an\u00e1lise de como o Servi\u00e7o \u00e9 utilizado.<\/li><li><strong>Servi\u00e7o de M\u00eddia Social de Terceiros<\/strong> refere-se a qualquer site ou rede social atrav\u00e9s do qual um usu\u00e1rio pode fazer login ou criar uma conta para usar o Servi\u00e7o.<\/li><li><strong>Dados de Uso<\/strong> refere-se a dados coletados automaticamente, gerados pelo uso do Servi\u00e7o ou pela pr\u00f3pria infraestrutura do Servi\u00e7o (por exemplo, a dura\u00e7\u00e3o de uma visita a uma p\u00e1gina).<\/li><li><strong>Website<\/strong> refere-se \u00e0 Taizy Machinery, acess\u00edvel em <a href=\"https:\/\/allpotatoes.com\/pt\/\" rel=\"noreferrer noopener\" target=\"_blank\">https:\/\/allpotatoes.com<\/a><\/li><li><strong>Voc\u00ea<\/strong> refere-se ao indiv\u00edduo que acessa ou usa o Servi\u00e7o, ou \u00e0 empresa, ou outra entidade jur\u00eddica em nome da qual tal indiv\u00edduo acessa ou usa o Servi\u00e7o, conforme aplic\u00e1vel.<\/li><\/ul>    <h1 class=\"wp-block-heading\">Coleta e Uso de Seus Dados Pessoais<\/h1>    <h2 class=\"wp-block-heading\">Tipos de Dados Coletados<\/h2>    <h3 class=\"wp-block-heading\">Dados Pessoais<\/h3>    <p class=\"wp-block-paragraph\">Ao usar Nosso Servi\u00e7o, podemos solicitar que voc\u00ea nos forne\u00e7a certas informa\u00e7\u00f5es pessoalmente identific\u00e1veis que podem ser usadas para contatar ou identificar voc\u00ea. Informa\u00e7\u00f5es pessoalmente identific\u00e1veis podem incluir, mas n\u00e3o se limitam a:<\/p>    <ul class=\"wp-block-list\"><li>Endere\u00e7o de e-mail<\/li><li>Nome e sobrenome<\/li><li>N\u00famero de telefone<\/li><li>Endere\u00e7o, Estado, Prov\u00edncia, CEP\/C\u00f3digo Postal, Cidade<\/li><li>Dados de Uso<\/li><\/ul>    <h3 class=\"wp-block-heading\">Dados de Uso<\/h3>    <p class=\"wp-block-paragraph\">Dados de Uso s\u00e3o coletados automaticamente ao usar o Servi\u00e7o.<\/p>    <p class=\"wp-block-paragraph\">Dados de Uso podem incluir informa\u00e7\u00f5es como o endere\u00e7o IP do seu Dispositivo, tipo de navegador, vers\u00e3o do navegador, p\u00e1ginas do nosso Servi\u00e7o que voc\u00ea visita, data e hora da sua visita, tempo gasto nessas p\u00e1ginas, identificadores de dispositivo \u00fanicos e outros dados de diagn\u00f3stico.<\/p>    <p class=\"wp-block-paragraph\">Quando voc\u00ea acessa o Servi\u00e7o por ou atrav\u00e9s de um dispositivo m\u00f3vel, podemos coletar certas informa\u00e7\u00f5es automaticamente, incluindo, mas n\u00e3o se limitando ao tipo de dispositivo m\u00f3vel que voc\u00ea usa, ID \u00fanico do seu dispositivo m\u00f3vel, endere\u00e7o IP do seu dispositivo m\u00f3vel, sistema operacional do seu dispositivo m\u00f3vel, tipo de navegador de internet m\u00f3vel que voc\u00ea usa, identificadores de dispositivo \u00fanicos e outros dados de diagn\u00f3stico.<\/p>    <p class=\"wp-block-paragraph\">Tamb\u00e9m podemos coletar informa\u00e7\u00f5es que seu navegador envia sempre que voc\u00ea visita nosso Servi\u00e7o ou quando acessa o Servi\u00e7o por ou atrav\u00e9s de um dispositivo m\u00f3vel.<\/p>    <h3 class=\"wp-block-heading\">Tecnologias de Rastreamento e Cookies<\/h3>    <p class=\"wp-block-paragraph\">Usamos Cookies e tecnologias de rastreamento semelhantes para monitorar a atividade em Nosso Servi\u00e7o e armazenar certas informa\u00e7\u00f5es. As tecnologias de rastreamento usadas incluem balizas, tags e scripts para coletar e rastrear informa\u00e7\u00f5es, al\u00e9m de melhorar e analisar Nosso Servi\u00e7o.<\/p>    <p class=\"wp-block-paragraph\">Voc\u00ea pode instruir seu navegador a recusar todos os Cookies ou indicar quando um Cookie est\u00e1 sendo enviado. No entanto, se voc\u00ea n\u00e3o aceitar Cookies, pode n\u00e3o conseguir usar algumas partes do nosso Servi\u00e7o.<\/p>    <p class=\"wp-block-paragraph\">Cookies podem ser \u201cPersistentes\u201d ou \u201cde Sess\u00e3o\u201d. Cookies Persistentes permanecem no seu computador pessoal ou dispositivo m\u00f3vel quando voc\u00ea fica offline, enquanto Cookies de Sess\u00e3o s\u00e3o exclu\u00eddos assim que voc\u00ea fecha seu navegador. Saiba mais sobre cookies: Tudo Sobre Cookies.<\/p>    <p class=\"wp-block-paragraph\">Usamos Cookies de sess\u00e3o e Cookies persistentes para os prop\u00f3sitos descritos abaixo:<\/p>    <ul class=\"wp-block-list\"><li><strong>Cookies Necess\u00e1rios \/ Essenciais<\/strong> Tipo: Cookies de sess\u00e3o Administrados por: N\u00f3s Prop\u00f3sito: Esses Cookies s\u00e3o essenciais para fornecer a voc\u00ea os servi\u00e7os dispon\u00edveis atrav\u00e9s do Website e para permitir que voc\u00ea use algumas de suas funcionalidades. Eles ajudam a autenticar usu\u00e1rios e prevenir uso fraudulento de contas de usu\u00e1rio. Sem esses Cookies, os servi\u00e7os que voc\u00ea solicitou n\u00e3o podem ser fornecidos, e usamos esses Cookies apenas para fornecer esses servi\u00e7os a voc\u00ea.<\/li><li><strong>Pol\u00edtica de Cookies \/ Aviso de Aceita\u00e7\u00e3o de Cookies<\/strong> Tipo: Cookies Persistentes Administrados por: N\u00f3s Prop\u00f3sito: Esses Cookies identificam se os usu\u00e1rios aceitaram o uso de cookies no Website.<\/li><li><strong>Cookies de Funcionalidade<\/strong> Tipo: Cookies Persistentes Administrados por: N\u00f3s Prop\u00f3sito: Esses Cookies nos permitem lembrar as escolhas que voc\u00ea faz ao usar o Website, como lembrar seus detalhes de login ou prefer\u00eancia de idioma. O objetivo desses Cookies \u00e9 proporcionar uma experi\u00eancia mais personalizada e evitar que voc\u00ea precise inserir suas prefer\u00eancias toda vez que usar o Website.<\/li><\/ul>    <p class=\"wp-block-paragraph\">Para obter mais informa\u00e7\u00f5es sobre os cookies que usamos e suas op\u00e7\u00f5es relativas a cookies, por favor, consulte nossa Pol\u00edtica de Cookies ou a se\u00e7\u00e3o Cookies de nossa Pol\u00edtica de Privacidade.<\/p>    <h2 class=\"wp-block-heading\">Uso de Seus Dados Pessoais<\/h2>    <p class=\"wp-block-paragraph\">A Empresa pode usar Dados Pessoais para os seguintes prop\u00f3sitos:<\/p>    <ul class=\"wp-block-list\"><li><strong>Para fornecer e manter nosso Servi\u00e7o<\/strong>, incluindo monitorar o uso do nosso Servi\u00e7o.<\/li><li><strong>Para gerenciar sua Conta:<\/strong> para gerenciar seu cadastro como usu\u00e1rio do Servi\u00e7o. Os Dados Pessoais que voc\u00ea fornece podem dar acesso a diferentes funcionalidades do Servi\u00e7o dispon\u00edveis para voc\u00ea como usu\u00e1rio registrado.<\/li><li><strong>Para a execu\u00e7\u00e3o de um contrato:<\/strong> o desenvolvimento, conformidade e realiza\u00e7\u00e3o do contrato de compra dos produtos, itens ou servi\u00e7os que voc\u00ea adquiriu ou de qualquer outro contrato conosco atrav\u00e9s do Servi\u00e7o.<\/li><li><strong>Para contat\u00e1-lo:<\/strong> Para contat\u00e1-lo por e-mail, chamadas telef\u00f4nicas, SMS ou outras formas equivalentes de comunica\u00e7\u00e3o eletr\u00f4nica, como notifica\u00e7\u00f5es push de um aplicativo m\u00f3vel, relacionadas a atualiza\u00e7\u00f5es ou comunica\u00e7\u00f5es informativas sobre funcionalidades, produtos ou servi\u00e7os contratados, incluindo atualiza\u00e7\u00f5es de seguran\u00e7a, quando necess\u00e1rio ou razo\u00e1vel para sua implementa\u00e7\u00e3o.<\/li><li><strong>Para fornecer a voc\u00ea<\/strong> com not\u00edcias, ofertas especiais e informa\u00e7\u00f5es gerais sobre outros bens, servi\u00e7os e eventos que oferecemos e que s\u00e3o semelhantes aos que voc\u00ea j\u00e1 comprou ou consultou, a menos que voc\u00ea tenha optado por n\u00e3o receber tais informa\u00e7\u00f5es.<\/li><li><strong>Para gerenciar suas solicita\u00e7\u00f5es:<\/strong> Atender e gerenciar suas solicita\u00e7\u00f5es a N\u00f3s.<\/li><\/ul>    <p class=\"wp-block-paragraph\">Podemos compartilhar suas informa\u00e7\u00f5es pessoais nas seguintes situa\u00e7\u00f5es:<\/p>    <ul class=\"wp-block-list\"><li><strong>Com Provedores de Servi\u00e7o:<\/strong> Podemos compartilhar suas informa\u00e7\u00f5es pessoais com Provedores de Servi\u00e7o para monitorar e analisar o uso do nosso Servi\u00e7o, para entrar em contato com voc\u00ea.<\/li><li><strong>Para transfer\u00eancias comerciais:<\/strong> Podemos compartilhar ou transferir suas informa\u00e7\u00f5es pessoais em conex\u00e3o com, ou durante negocia\u00e7\u00f5es de, qualquer fus\u00e3o, venda de ativos da Empresa, financiamento ou aquisi\u00e7\u00e3o de toda ou parte de nossos neg\u00f3cios por outra empresa.<\/li><li><strong>Com Afiliados:<\/strong> Podemos compartilhar suas informa\u00e7\u00f5es com nossos afiliados, caso em que exigiremos que esses afiliados honrem esta Pol\u00edtica de Privacidade. Os afiliados incluem nossa matriz e quaisquer outras subsidi\u00e1rias, parceiros de joint venture ou outras empresas que controlamos ou que est\u00e3o sob controle comum conosco.<\/li><li><strong>Com parceiros comerciais:<\/strong> Podemos compartilhar suas informa\u00e7\u00f5es com nossos parceiros comerciais para oferecer a voc\u00ea certos produtos, servi\u00e7os ou promo\u00e7\u00f5es.<\/li><li><strong>Com outros usu\u00e1rios:<\/strong> Quando voc\u00ea compartilha informa\u00e7\u00f5es pessoais ou interage de outra forma nas \u00e1reas p\u00fablicas com outros usu\u00e1rios, essas informa\u00e7\u00f5es podem ser vistas por todos os usu\u00e1rios e podem ser distribu\u00eddas publicamente fora. Se voc\u00ea interagir com outros usu\u00e1rios ou se registrar por meio de um Servi\u00e7o de M\u00eddia Social de Terceiros, seus contatos nesse Servi\u00e7o de M\u00eddia Social de Terceiros podem ver seu nome, perfil, fotos e descri\u00e7\u00e3o de sua atividade. Da mesma forma, outros usu\u00e1rios poder\u00e3o visualizar descri\u00e7\u00f5es de sua atividade, comunicar-se com voc\u00ea e visualizar seu perfil.<\/li><\/ul>    <h2 class=\"wp-block-heading\">Reten\u00e7\u00e3o de Seus Dados Pessoais<\/h2>    <p class=\"wp-block-paragraph\">A Empresa manter\u00e1 seus Dados Pessoais apenas pelo tempo necess\u00e1rio para os prop\u00f3sitos estabelecidos nesta Pol\u00edtica de Privacidade. Manteremos e usaremos seus Dados Pessoais na medida necess\u00e1ria para cumprir nossas obriga\u00e7\u00f5es legais (por exemplo, se precisarmos reter seus dados para cumprir leis aplic\u00e1veis), resolver disputas e fazer cumprir nossos acordos e pol\u00edticas legais.<\/p>    <p class=\"wp-block-paragraph\">A Empresa tamb\u00e9m reter\u00e1 Dados de Uso para fins de an\u00e1lise interna. Dados de Uso geralmente s\u00e3o retidos por um per\u00edodo mais curto, exceto quando esses dados s\u00e3o usados para fortalecer a seguran\u00e7a ou melhorar a funcionalidade do Nosso Servi\u00e7o, ou quando somos legalmente obrigados a reter esses dados por per\u00edodos mais longos.<\/p>    <h2 class=\"wp-block-heading\">Transfer\u00eancia de Seus Dados Pessoais<\/h2>    <p class=\"wp-block-paragraph\">Suas informa\u00e7\u00f5es, incluindo Dados Pessoais, s\u00e3o processadas nos escrit\u00f3rios operacionais da Empresa e em quaisquer outros locais onde as partes envolvidas no processamento estejam localizadas. Isso significa que essas informa\u00e7\u00f5es podem ser transferidas para \u2014 e mantidas em \u2014 computadores localizados fora do seu estado, prov\u00edncia, pa\u00eds ou outra jurisdi\u00e7\u00e3o governamental, onde as leis de prote\u00e7\u00e3o de dados podem ser diferentes das de sua jurisdi\u00e7\u00e3o.<\/p>    <p class=\"wp-block-paragraph\">Seu consentimento a esta Pol\u00edtica de Privacidade, seguido do envio de tais informa\u00e7\u00f5es, representa seu acordo com essa transfer\u00eancia.<\/p>    <p class=\"wp-block-paragraph\">A Empresa tomar\u00e1 todas as medidas razoavelmente necess\u00e1rias para garantir que seus dados sejam tratados de forma segura e de acordo com esta Pol\u00edtica de Privacidade, e nenhuma transfer\u00eancia de seus Dados Pessoais ocorrer\u00e1 para uma organiza\u00e7\u00e3o ou pa\u00eds, a menos que existam controles adequados, incluindo a seguran\u00e7a de seus dados e outras informa\u00e7\u00f5es pessoais.<\/p>    <h2 class=\"wp-block-heading\">Divulga\u00e7\u00e3o de Seus Dados Pessoais<\/h2>    <h3 class=\"wp-block-heading\">Transa\u00e7\u00f5es Comerciais<\/h3>    <p class=\"wp-block-paragraph\">Se a Empresa estiver envolvida em uma fus\u00e3o, aquisi\u00e7\u00e3o ou venda de ativos, seus Dados Pessoais podem ser transferidos. Forneceremos aviso antes que seus Dados Pessoais sejam transferidos e se tornem sujeitos a uma Pol\u00edtica de Privacidade diferente.<\/p>    <h3 class=\"wp-block-heading\">Aplica\u00e7\u00e3o da lei<\/h3>    <p class=\"wp-block-paragraph\">Em certas circunst\u00e2ncias, a Empresa pode ser obrigada a divulgar seus Dados Pessoais se assim for exigido por lei ou em resposta a solicita\u00e7\u00f5es v\u00e1lidas de autoridades p\u00fablicas (por exemplo, um tribunal ou uma ag\u00eancia governamental).<\/p>    <h3 class=\"wp-block-heading\">Outros requisitos legais<\/h3>    <p class=\"wp-block-paragraph\">A Empresa pode divulgar seus Dados Pessoais de boa f\u00e9, acreditando que tal a\u00e7\u00e3o \u00e9 necess\u00e1ria para:<\/p>    <ul class=\"wp-block-list\"><li>Cumprir uma obriga\u00e7\u00e3o legal<\/li><li>Proteger e defender os direitos ou propriedade da Empresa<\/li><li>Prevenir ou investigar poss\u00edveis irregularidades relacionadas ao Servi\u00e7o<\/li><li>Proteger a seguran\u00e7a pessoal dos Usu\u00e1rios do Servi\u00e7o ou do p\u00fablico<\/li><li>Proteger contra responsabilidade legal<\/li><\/ul>    <h2 class=\"wp-block-heading\">Seguran\u00e7a de Seus Dados Pessoais<\/h2>    <p class=\"wp-block-paragraph\">A seguran\u00e7a de seus Dados Pessoais \u00e9 importante para N\u00f3s, mas lembre-se de que nenhum m\u00e9todo de transmiss\u00e3o pela Internet, ou m\u00e9todo de armazenamento eletr\u00f4nico, \u00e9 100% seguro. Embora nos esforcemos para usar meios comercialmente aceit\u00e1veis para proteger seus Dados Pessoais, n\u00e3o podemos garantir sua seguran\u00e7a absoluta.<\/p>    <h1 class=\"wp-block-heading\">Seus Direitos de Privacidade na Calif\u00f3rnia (Lei Shine the Light da Calif\u00f3rnia)<\/h1>    <p class=\"wp-block-paragraph\">Sob o C\u00f3digo Civil da Calif\u00f3rnia Se\u00e7\u00e3o 1798 (Lei Shine the Light da Calif\u00f3rnia), residentes da Calif\u00f3rnia com uma rela\u00e7\u00e3o comercial estabelecida conosco podem solicitar informa\u00e7\u00f5es uma vez por ano sobre o compartilhamento de seus Dados Pessoais com terceiros para fins de marketing direto desses terceiros.<\/p>    <p class=\"wp-block-paragraph\">Se desejar solicitar mais informa\u00e7\u00f5es sob a lei California Shine the Light, e se voc\u00ea for residente da Calif\u00f3rnia, pode entrar em contato conosco usando as informa\u00e7\u00f5es de contato fornecidas abaixo.<\/p>    <h1 class=\"wp-block-heading\">Direitos de Privacidade na Calif\u00f3rnia para Usu\u00e1rios Menores (C\u00f3digo de Neg\u00f3cios e Profiss\u00f5es da Calif\u00f3rnia Se\u00e7\u00e3o 22581)<\/h1>    <p class=\"wp-block-paragraph\">A Se\u00e7\u00e3o 22581 do C\u00f3digo de Neg\u00f3cios e Profiss\u00f5es da Calif\u00f3rnia permite que residentes da Calif\u00f3rnia com menos de 18 anos, que sejam usu\u00e1rios registrados de sites, servi\u00e7os ou aplicativos online, solicitem e obtenham a remo\u00e7\u00e3o de conte\u00fado ou informa\u00e7\u00f5es que tenham publicado publicamente.<\/p>    <p class=\"wp-block-paragraph\">Para solicitar a remo\u00e7\u00e3o de tais dados, e se voc\u00ea for residente da Calif\u00f3rnia, pode entrar em contato conosco usando as informa\u00e7\u00f5es de contato fornecidas abaixo, incluindo o endere\u00e7o de e-mail associado \u00e0 sua conta.<\/p>    <p class=\"wp-block-paragraph\">Esteja ciente de que sua solicita\u00e7\u00e3o n\u00e3o garante a remo\u00e7\u00e3o completa ou abrangente de conte\u00fado ou informa\u00e7\u00f5es postadas online e que a lei pode n\u00e3o permitir ou exigir a remo\u00e7\u00e3o em certas circunst\u00e2ncias.<\/p>    <h1 class=\"wp-block-heading\">Links para Outros Sites<\/h1>    <p class=\"wp-block-paragraph\">Nosso Servi\u00e7o pode conter links para outros sites que n\u00e3o s\u00e3o operados por N\u00f3s. Se voc\u00ea clicar em um link de terceiros, ser\u00e1 direcionado ao site desse terceiro. Aconselhamos fortemente que voc\u00ea revise a Pol\u00edtica de Privacidade de cada site que visitar.<\/p>    <p class=\"wp-block-paragraph\">N\u00e3o temos controle e n\u00e3o assumimos responsabilidade pelo conte\u00fado, pol\u00edticas de privacidade ou pr\u00e1ticas de sites ou servi\u00e7os de terceiros.<\/p>    <h1 class=\"wp-block-heading\">Altera\u00e7\u00f5es nesta Pol\u00edtica de Privacidade<\/h1>    <p class=\"wp-block-paragraph\">Podemos atualizar nossa Pol\u00edtica de Privacidade periodicamente. Notificaremos voc\u00ea sobre quaisquer altera\u00e7\u00f5es publicando a nova Pol\u00edtica de Privacidade nesta p\u00e1gina.<\/p>    <p class=\"wp-block-paragraph\">Avisaremos por e-mail e\/ou por um aviso destacado em Nosso Servi\u00e7o, antes que a altera\u00e7\u00e3o entre em vigor, e atualizaremos a data de \u201c\u00daltima atualiza\u00e7\u00e3o\u201d no topo desta Pol\u00edtica de Privacidade.<\/p>    <p class=\"wp-block-paragraph\">Recomenda-se revisar periodicamente esta Pol\u00edtica de Privacidade para verificar altera\u00e7\u00f5es. As altera\u00e7\u00f5es nesta Pol\u00edtica de Privacidade entram em vigor quando s\u00e3o publicadas nesta p\u00e1gina.<\/p>    <h1 class=\"wp-block-heading\">Contate-Nos<\/h1>    <p class=\"wp-block-paragraph\">Se voc\u00ea tiver alguma d\u00favida sobre esta Pol\u00edtica de Privacidade, pode entrar em contato conosco:<\/p>    <ul class=\"wp-block-list\"><li>Por e-mail: info@allpotatoes.com<\/li><li>Ao visitar esta p\u00e1gina em nosso site: <a href=\"https:\/\/allpotatoes.com\/pt\/contact-us\/\" rel=\"noreferrer noopener\" target=\"_blank\">https:\/\/allpotatoes.com\/contact-us<\/a><\/li><li>Por telefone: 86 173 0382 1432<\/li><\/ul>","protected":false},"excerpt":{"rendered":"<p>Last updated: September 09, 2020 This Privacy Policy describes Our policies and procedures on the collection, use and disclosure of Your information when You use the Service and tells You about Your privacy rights and how the law protects You. We use Your Personal data to provide and improve the Service. By using the Service, [&hellip;]<\/p>\n","protected":false},"author":1,"featured_media":0,"parent":0,"menu_order":0,"comment_status":"closed","ping_status":"closed","template":"","meta":{"_crdt_document":"","footnotes":""},"class_list":["post-1398","page","type-page","status-publish","hentry"],"_links":{"self":[{"href":"https:\/\/allpotatoes.com\/pt\/wp-json\/wp\/v2\/pages\/1398","targetHints":{"allow":["GET"]}}],"collection":[{"href":"https:\/\/allpotatoes.com\/pt\/wp-json\/wp\/v2\/pages"}],"about":[{"href":"https:\/\/allpotatoes.com\/pt\/wp-json\/wp\/v2\/types\/page"}],"author":[{"embeddable":true,"href":"https:\/\/allpotatoes.com\/pt\/wp-json\/wp\/v2\/users\/1"}],"replies":[{"embeddable":true,"href":"https:\/\/allpotatoes.com\/pt\/wp-json\/wp\/v2\/comments?post=1398"}],"version-history":[{"count":0,"href":"https:\/\/allpotatoes.com\/pt\/wp-json\/wp\/v2\/pages\/1398\/revisions"}],"wp:attachment":[{"href":"https:\/\/allpotatoes.com\/pt\/wp-json\/wp\/v2\/media?parent=1398"}],"curies":[{"name":"wp","href":"https:\/\/api.w.org\/{rel}","templated":true}]}}