{"id":12243,"date":"2025-10-21T17:06:36","date_gmt":"2025-10-21T09:06:36","guid":{"rendered":"https:\/\/allpotatoes.com\/?page_id=12243"},"modified":"2025-10-21T17:06:37","modified_gmt":"2025-10-21T09:06:37","slug":"we-cant-show-any-link-suggestions-for-this-post","status":"publish","type":"page","link":"https:\/\/allpotatoes.com\/sw\/we-cant-show-any-link-suggestions-for-this-post\/","title":{"rendered":"Vi kan inte visa n\u00e5gra l\u00e4nksf\u00f6rslag f\u00f6r detta inl\u00e4gg.\u00a0"},"content":{"rendered":"<p class=\"wp-block-paragraph\">Pr\u00f6va att v\u00e4lja kategorier och taggar f\u00f6r detta inl\u00e4gg, och markera andra inl\u00e4gg som Pelarinnhold f\u00f6r att f\u00e5 dem att visas h\u00e4r.<\/p>","protected":false},"excerpt":{"rendered":"<p>Pr\u00f6va att v\u00e4lja kategorier och taggar f\u00f6r detta inl\u00e4gg, och markera andra inl\u00e4gg som Pelarinnhold f\u00f6r att f\u00e5 dem att visas h\u00e4r.<\/p>","protected":false},"author":1,"featured_media":0,"parent":0,"menu_order":0,"comment_status":"closed","ping_status":"closed","template":"","meta":{"_crdt_document":"","footnotes":""},"class_list":["post-12243","page","type-page","status-publish","hentry"],"_links":{"self":[{"href":"https:\/\/allpotatoes.com\/sw\/wp-json\/wp\/v2\/pages\/12243","targetHints":{"allow":["GET"]}}],"collection":[{"href":"https:\/\/allpotatoes.com\/sw\/wp-json\/wp\/v2\/pages"}],"about":[{"href":"https:\/\/allpotatoes.com\/sw\/wp-json\/wp\/v2\/types\/page"}],"author":[{"embeddable":true,"href":"https:\/\/allpotatoes.com\/sw\/wp-json\/wp\/v2\/users\/1"}],"replies":[{"embeddable":true,"href":"https:\/\/allpotatoes.com\/sw\/wp-json\/wp\/v2\/comments?post=12243"}],"version-history":[{"count":0,"href":"https:\/\/allpotatoes.com\/sw\/wp-json\/wp\/v2\/pages\/12243\/revisions"}],"wp:attachment":[{"href":"https:\/\/allpotatoes.com\/sw\/wp-json\/wp\/v2\/media?parent=12243"}],"curies":[{"name":"wp","href":"https:\/\/api.w.org\/{rel}","templated":true}]}}