{"id":12243,"date":"2025-10-21T17:06:36","date_gmt":"2025-10-21T09:06:36","guid":{"rendered":"https:\/\/allpotatoes.com\/?page_id=12243"},"modified":"2025-10-21T17:06:37","modified_gmt":"2025-10-21T09:06:37","slug":"we-cant-show-any-link-suggestions-for-this-post","status":"publish","type":"page","link":"https:\/\/allpotatoes.com\/tr\/we-cant-show-any-link-suggestions-for-this-post\/","title":{"rendered":"Bu g\u00f6nderi i\u00e7in herhangi bir ba\u011flant\u0131 \u00f6nerisi g\u00f6steremiyoruz.\u00a0"},"content":{"rendered":"<p class=\"wp-block-paragraph\">L\u00fctfen bu g\u00f6nderi i\u00e7in kategorileri ve etiketleri se\u00e7meye \u00e7al\u0131\u015f\u0131n ve di\u011fer g\u00f6nderileri S\u00fctun \u0130\u00e7eri\u011fi olarak i\u015faretleyin, b\u00f6ylece burada g\u00f6sterilsinler.<\/p>","protected":false},"excerpt":{"rendered":"<p>L\u00fctfen bu g\u00f6nderi i\u00e7in kategorileri ve etiketleri se\u00e7meye \u00e7al\u0131\u015f\u0131n ve di\u011fer g\u00f6nderileri S\u00fctun \u0130\u00e7eri\u011fi olarak i\u015faretleyin, b\u00f6ylece burada g\u00f6sterilsinler.<\/p>","protected":false},"author":1,"featured_media":0,"parent":0,"menu_order":0,"comment_status":"closed","ping_status":"closed","template":"","meta":{"_crdt_document":"","footnotes":""},"class_list":["post-12243","page","type-page","status-publish","hentry"],"_links":{"self":[{"href":"https:\/\/allpotatoes.com\/tr\/wp-json\/wp\/v2\/pages\/12243","targetHints":{"allow":["GET"]}}],"collection":[{"href":"https:\/\/allpotatoes.com\/tr\/wp-json\/wp\/v2\/pages"}],"about":[{"href":"https:\/\/allpotatoes.com\/tr\/wp-json\/wp\/v2\/types\/page"}],"author":[{"embeddable":true,"href":"https:\/\/allpotatoes.com\/tr\/wp-json\/wp\/v2\/users\/1"}],"replies":[{"embeddable":true,"href":"https:\/\/allpotatoes.com\/tr\/wp-json\/wp\/v2\/comments?post=12243"}],"version-history":[{"count":0,"href":"https:\/\/allpotatoes.com\/tr\/wp-json\/wp\/v2\/pages\/12243\/revisions"}],"wp:attachment":[{"href":"https:\/\/allpotatoes.com\/tr\/wp-json\/wp\/v2\/media?parent=12243"}],"curies":[{"name":"wp","href":"https:\/\/api.w.org\/{rel}","templated":true}]}}