{"id":1398,"date":"2020-09-09T02:09:05","date_gmt":"2020-09-09T09:09:05","guid":{"rendered":"https:\/\/allpotatoes.com\/?page_id=1398"},"modified":"2024-12-30T14:17:04","modified_gmt":"2024-12-30T06:17:04","slug":"privacy-policy","status":"publish","type":"page","link":"https:\/\/allpotatoes.com\/tr\/privacy-policy\/","title":{"rendered":"Gizlilik Politikas\u0131"},"content":{"rendered":"<p class=\"wp-block-paragraph\">Son g\u00fcncelleme: 09 Eyl\u00fcl, 2020<\/p>    <p class=\"wp-block-paragraph\">Bu Gizlilik Politikas\u0131, Hizmeti kullan\u0131rken bilgilerinizin toplanmas\u0131, kullan\u0131lmas\u0131 ve a\u00e7\u0131klanmas\u0131yla ilgili politikalar\u0131m\u0131z\u0131 ve prosed\u00fcrlerimizi a\u00e7\u0131klar ve gizlilik haklar\u0131n\u0131z ve yasan\u0131n sizi nas\u0131l korudu\u011fu hakk\u0131nda bilgi verir.<\/p>    <p class=\"wp-block-paragraph\">Ki\u015fisel verilerinizi, Hizmeti sa\u011flamak ve geli\u015ftirmek i\u00e7in kullan\u0131yoruz. Hizmeti kullanarak, bu Gizlilik Politikas\u0131na uygun olarak bilgilerin toplanmas\u0131n\u0131 ve kullan\u0131lmas\u0131n\u0131 kabul edersiniz. Bu Gizlilik Politikas\u0131, Gizlilik Politika Olu\u015fturucu yard\u0131m\u0131yla haz\u0131rlanm\u0131\u015ft\u0131r.<\/p>    <h1 class=\"wp-block-heading\">Yorumlar ve Tan\u0131mlar<\/h1>    <h2 class=\"wp-block-heading\">Yorumlar ve Tan\u0131mlar<\/h2>    <p class=\"wp-block-paragraph\">Ba\u015f harfi b\u00fcy\u00fck olan kelimelerin anlamlar\u0131, a\u015fa\u011f\u0131daki ko\u015fullarda tan\u0131mlanm\u0131\u015f anlamlard\u0131r. Bu tan\u0131mlar, tekil veya \u00e7o\u011ful olarak g\u00f6r\u00fcn\u00fcp g\u00f6r\u00fcnmemesine bak\u0131lmaks\u0131z\u0131n ayn\u0131 anlamda olacakt\u0131r.<\/p>    <h2 class=\"wp-block-heading\">Tan\u0131mlar ve Yorumlar<\/h2>    <p class=\"wp-block-paragraph\">Bu Gizlilik Politikas\u0131n\u0131n ama\u00e7lar\u0131 do\u011frultusunda:<\/p>    <ul class=\"wp-block-list\"><li><strong>Hesap<\/strong> Size eri\u015fim sa\u011flamak i\u00e7in olu\u015fturulmu\u015f benzersiz bir hesap anlam\u0131na gelir.<\/li><li><strong>\u015eirket<\/strong> (bu S\u00f6zle\u015fmede \u201c\u015firket\u201d, \u201cBiz\u201d, \u201cBize\u201d veya \u201cBizim\u201d olarak an\u0131l\u0131r) Taizy Machinery LLC, Zhengzhou, \u00c7in'e at\u0131fta bulunur.<\/li><li><strong>\u00c7erezler<\/strong> bir web sitesi taraf\u0131ndan cihaz\u0131n\u0131za, mobil cihaz\u0131n\u0131za veya ba\u015fka herhangi bir cihaza yerle\u015ftirilen k\u00fc\u00e7\u00fck dosyalard\u0131r ve bu dosyalar, o web sitesinde gezinme ge\u00e7mi\u015finizin detaylar\u0131n\u0131 i\u00e7erir, bir\u00e7ok kullan\u0131m aras\u0131nda.<\/li><li><strong>\u00dclke<\/strong> \u00c7in'e at\u0131fta bulunur:<\/li><li><strong>Cihaz<\/strong> Hizmete eri\u015febilen herhangi bir cihaz\u0131 ifade eder, \u00f6rne\u011fin bilgisayar, cep telefonu veya dijital tablet.<\/li><li><strong>Ki\u015fisel Veri<\/strong> Tan\u0131mlanm\u0131\u015f veya tan\u0131mlanabilir bir bireyle ilgili herhangi bir bilgiyi ifade eder.<\/li><li><strong>Hizmet<\/strong> Web sitesine at\u0131fta bulunur.<\/li><li><strong>Hizmet Sa\u011flay\u0131c\u0131<\/strong> \u015eirket ad\u0131na verileri i\u015fleyen herhangi bir ger\u00e7ek veya t\u00fczel ki\u015fi anlam\u0131na gelir. \u00dc\u00e7\u00fcnc\u00fc taraf \u015firketleri veya bireyleri, Hizmeti kolayla\u015ft\u0131rmak, Hizmeti sa\u011flamak, hizmetle ilgili hizmetleri yerine getirmek veya \u015eirketin kullan\u0131m\u0131n\u0131 analiz etmek amac\u0131yla istihdam edenleri ifade eder.<\/li><li><strong>\u00dc\u00e7\u00fcnc\u00fc taraf Sosyal Medya Hizmeti<\/strong> kullan\u0131c\u0131lar\u0131n Hizmeti kullanmak i\u00e7in giri\u015f yapabilece\u011fi veya hesap olu\u015fturabilece\u011fi herhangi bir web sitesi veya sosyal a\u011f sitesine at\u0131fta bulunur.<\/li><li><strong>Kullan\u0131m Verileri<\/strong> otomatik olarak toplanan verileri, Hizmetin kullan\u0131m\u0131yla veya Hizmet altyap\u0131s\u0131ndan (\u00f6rne\u011fin, bir sayfa ziyaretinin s\u00fcresi) \u00fcretilen verileri ifade eder.<\/li><li><strong>Web sitesi<\/strong> Taizy makinelerine at\u0131fta bulunur, eri\u015filebilir: <a href=\"https:\/\/allpotatoes.com\/tr\/\" rel=\"noreferrer noopener\" target=\"_blank\">https:\/\/allpotatoes.com<\/a><\/li><li><strong>Siz<\/strong> Hizmeti kullanan veya eri\u015fen ki\u015fi veya \u015firket veya bu ki\u015finin hizmeti kullanmak veya eri\u015fmek i\u00e7in temsil etti\u011fi di\u011fer yasal varl\u0131k anlam\u0131na gelir.<\/li><\/ul>    <h1 class=\"wp-block-heading\">Ki\u015fisel Verilerinizi Toplama ve Kullanma<\/h1>    <h2 class=\"wp-block-heading\">Toplanan Veri T\u00fcrleri<\/h2>    <h3 class=\"wp-block-heading\">Ki\u015fisel Veri<\/h3>    <p class=\"wp-block-paragraph\">Hizmetimizi kullan\u0131rken, sizinle ileti\u015fim kurmak veya sizi tan\u0131mlamak i\u00e7in kullan\u0131labilecek belirli ki\u015fisel tan\u0131mlanabilir bilgiler sa\u011flaman\u0131z\u0131 isteyebiliriz. Ki\u015fisel tan\u0131mlanabilir bilgiler \u015funlar\u0131 i\u00e7erebilir, ancak bunlarla s\u0131n\u0131rl\u0131 de\u011fildir:<\/p>    <ul class=\"wp-block-list\"><li>E-posta adresi<\/li><li>\u0130sim ve soyisim<\/li><li>Telefon numaras\u0131<\/li><li>Adres, Eyalet, \u0130l, Posta Kodu, \u015eehir<\/li><li>Kullan\u0131m Verileri<\/li><\/ul>    <h3 class=\"wp-block-heading\">Kullan\u0131m Verileri<\/h3>    <p class=\"wp-block-paragraph\">Kullan\u0131m Verileri, Hizmeti kullan\u0131rken otomatik olarak toplan\u0131r.<\/p>    <p class=\"wp-block-paragraph\">Kullan\u0131m Verileri, cihaz\u0131n\u0131z\u0131n \u0130nternet Protokol adresi (\u00f6rne\u011fin, IP adresi), taray\u0131c\u0131 t\u00fcr\u00fc, taray\u0131c\u0131 s\u00fcr\u00fcm\u00fc, Hizmetimizin ziyaret edilen sayfalar\u0131, ziyaret zaman\u0131 ve tarihi, bu sayfalarda ge\u00e7irilen s\u00fcre, benzersiz cihaz tan\u0131mlay\u0131c\u0131lar ve di\u011fer tan\u0131lama verileri gibi bilgileri i\u00e7erebilir.<\/p>    <p class=\"wp-block-paragraph\">Hizmeti mobil cihazdan veya arac\u0131l\u0131\u011f\u0131yla eri\u015fti\u011finizde, kullanabilece\u011finiz belirli bilgileri otomatik olarak toplayabiliriz, bunlar aras\u0131nda, ancak bunlarla s\u0131n\u0131rl\u0131 olmamak \u00fczere, mobil cihaz\u0131n\u0131z\u0131n t\u00fcr\u00fc, benzersiz cihaz kimli\u011fi, IP adresi, mobil i\u015fletim sistemi, mobil internet taray\u0131c\u0131 t\u00fcr\u00fc, benzersiz cihaz tan\u0131mlay\u0131c\u0131lar ve di\u011fer tan\u0131lama verileri bulunur.<\/p>    <p class=\"wp-block-paragraph\">Ayr\u0131ca, taray\u0131c\u0131n\u0131z\u0131n Hizmetimize her eri\u015fti\u011finde veya mobil cihaz \u00fczerinden eri\u015fti\u011finde g\u00f6nderdi\u011fi bilgileri de toplayabiliriz.<\/p>    <h3 class=\"wp-block-heading\">Takip Teknolojileri ve \u00c7erezler<\/h3>    <p class=\"wp-block-paragraph\">Hizmetimizdeki etkinli\u011fi izlemek ve belirli bilgileri depolamak i\u00e7in \u00c7erezler ve benzeri takip teknolojilerini kullan\u0131yoruz. Kullan\u0131lan takip teknolojileri, sinyal, etiket ve komut dosyalar\u0131d\u0131r ve bilgileri toplamak, izlemek ve Hizmetimizi geli\u015ftirmek ve analiz etmek i\u00e7in kullan\u0131l\u0131r.<\/p>    <p class=\"wp-block-paragraph\">Taray\u0131c\u0131n\u0131za t\u00fcm \u00c7erezleri reddetmesini veya bir \u00c7erez g\u00f6nderildi\u011finde bildirilmesini talimat verebilirsiniz. Ancak, \u00c7erezleri kabul etmezseniz, Hizmetimizin baz\u0131 b\u00f6l\u00fcmlerini kullanamayabilirsiniz.<\/p>    <p class=\"wp-block-paragraph\">\u00c7erezler \u201cKal\u0131c\u0131\u201d veya \u201cOturum\u201d \u00c7erezleri olabilir. Kal\u0131c\u0131 \u00c7erezler, \u00c7erezleri sildi\u011finizde bile ki\u015fisel bilgisayar\u0131n\u0131zda veya mobil cihaz\u0131n\u0131zda kal\u0131r, Oturum \u00c7erezleri ise taray\u0131c\u0131y\u0131 kapar kapamaz silinir. \u00c7erezler hakk\u0131nda daha fazla bilgi: T\u00fcm \u00c7erezler Hakk\u0131nda<\/p>    <p class=\"wp-block-paragraph\">Oturum ve kal\u0131c\u0131 \u00c7erezleri a\u015fa\u011f\u0131daki ama\u00e7lar i\u00e7in kullan\u0131yoruz:<\/p>    <ul class=\"wp-block-list\"><li><strong>Gerekli \/ Temel \u00c7erezler<\/strong> T\u00fcr: Oturum \u00c7erezleri Y\u00f6netici: Biz Ama\u00e7: Bu \u00c7erezler, Web Sitesi \u00fczerinden size sunulan hizmetleri sa\u011flamak ve baz\u0131 \u00f6zellikleri kullanman\u0131z\u0131 sa\u011flamak i\u00e7in gereklidir. Kullan\u0131c\u0131lar\u0131n kimlik do\u011frulamas\u0131n\u0131 sa\u011flar ve sahte kullan\u0131m\u0131n\u0131 \u00f6nler. Bu \u00c7erezler olmadan, talep etti\u011finiz hizmetler sa\u011flanamaz ve yaln\u0131zca bu hizmetleri sa\u011flamak i\u00e7in kullan\u0131l\u0131r.<\/li><li><strong>\u00c7erez Politikas\u0131 \/ Bildirim Kabul \u00c7erezleri<\/strong> T\u00fcr: Kal\u0131c\u0131 \u00c7erezler Y\u00f6netici: Biz Ama\u00e7: Bu \u00c7erezler, kullan\u0131c\u0131lar\u0131n Web Sitesinde \u00e7erez kullan\u0131m\u0131n\u0131 kabul edip etmediklerini belirler.<\/li><li><strong>\u0130\u015flevsellik \u00c7erezleri<\/strong> T\u00fcr: Kal\u0131c\u0131 \u00c7erezler Y\u00f6netici: Biz Ama\u00e7: Bu \u00c7erezler, Web Sitesini kullan\u0131rken yapt\u0131\u011f\u0131n\u0131z se\u00e7imleri hat\u0131rlamam\u0131za olanak tan\u0131r, \u00f6rne\u011fin giri\u015f bilgilerinizi veya dil tercihlerinizi hat\u0131rlamak gibi. Bu \u00c7erezlerin amac\u0131, size daha ki\u015fisel bir deneyim sunmak ve her seferinde tercihlerinizi tekrar girmemenizi sa\u011flamakt\u0131r.<\/li><\/ul>    <p class=\"wp-block-paragraph\">Hakk\u0131m\u0131zda daha fazla bilgi i\u00e7in, kulland\u0131\u011f\u0131m\u0131z \u00e7erezler ve \u00e7erezlerle ilgili tercihlerinizi g\u00f6rmek i\u00e7in, l\u00fctfen \u00c7erez Politikam\u0131z\u0131 veya Gizlilik Politikas\u0131n\u0131n \u00c7erezler b\u00f6l\u00fcm\u00fcn\u00fc ziyaret edin.<\/p>    <h2 class=\"wp-block-heading\">Ki\u015fisel Verilerinizi Kullanma<\/h2>    <p class=\"wp-block-paragraph\">\u015eirket, a\u015fa\u011f\u0131daki ama\u00e7lar i\u00e7in Ki\u015fisel Verilerinizi kullanabilir:<\/p>    <ul class=\"wp-block-list\"><li><strong>Hizmetimizi sa\u011flamak ve s\u00fcrd\u00fcrmek i\u00e7in<\/strong>, kullan\u0131m\u0131n\u0131 izlemek de dahil olmak \u00fczere.<\/li><li><strong>Hesab\u0131n\u0131z\u0131 y\u00f6netmek i\u00e7in:<\/strong> Hizmetin kay\u0131tl\u0131 kullan\u0131c\u0131s\u0131 olarak kayd\u0131n\u0131z\u0131 y\u00f6netmek i\u00e7in. Sa\u011flad\u0131\u011f\u0131n\u0131z Ki\u015fisel Veriler, size Hizmetin farkl\u0131 i\u015flevlerine eri\u015fim sa\u011flayabilir.<\/li><li><strong>Bir s\u00f6zle\u015fmenin yerine getirilmesi i\u00e7in:<\/strong> Sat\u0131n al\u0131nan \u00fcr\u00fcnler veya hizmetler i\u00e7in sat\u0131n alma s\u00f6zle\u015fmesinin geli\u015ftirilmesi, uyumu ve yerine getirilmesi veya bizimle ba\u015fka herhangi bir s\u00f6zle\u015fmenin yap\u0131lmas\u0131.<\/li><li><strong>Sizinle ileti\u015fime ge\u00e7mek i\u00e7in:<\/strong> G\u00fcncellemeler veya bilgilendirici ileti\u015fimler hakk\u0131nda, g\u00fcvenlik g\u00fcncellemeleri de dahil olmak \u00fczere, fonksiyonlar, \u00fcr\u00fcnler veya s\u00f6zle\u015fmeli hizmetlerle ilgili, e-posta, telefon g\u00f6r\u00fc\u015fmeleri, SMS veya di\u011fer e\u015fde\u011fer elektronik ileti\u015fim bi\u00e7imleriyle sizinle ileti\u015fime ge\u00e7mek.<\/li><li><strong>Size sa\u011flamak i\u00e7in<\/strong> haberler, \u00f6zel teklifler ve bizim sundu\u011fumuz di\u011fer \u00fcr\u00fcnler, hizmetler ve etkinlikler hakk\u0131nda genel bilgiler, zaten sat\u0131n alm\u0131\u015f veya sormu\u015f oldu\u011funuz \u00fcr\u00fcnler veya hizmetlerle benzer olanlar, sizin b\u00f6yle bir bilgiyi almaya karar vermedi\u011finiz s\u00fcrece.<\/li><li><strong>\u0130steklerinizi y\u00f6netmek i\u00e7in:<\/strong> \u0130steklerinize kat\u0131lmak ve y\u00f6netmek i\u00e7in.<\/li><\/ul>    <p class=\"wp-block-paragraph\">A\u015fa\u011f\u0131daki durumlarda ki\u015fisel bilgilerinizi payla\u015fabiliriz:<\/p>    <ul class=\"wp-block-list\"><li><strong>Hizmet Sa\u011flay\u0131c\u0131lar\u0131yla:<\/strong> Hizmetimizin kullan\u0131m\u0131n\u0131 izlemek ve analiz etmek i\u00e7in, ki\u015fisel bilgilerinizi Hizmet Sa\u011flay\u0131c\u0131lar\u0131yla payla\u015fabiliriz.<\/li><li><strong>\u0130\u015f transferleri i\u00e7in:<\/strong> Birle\u015fme, \u015firket varl\u0131klar\u0131n\u0131n sat\u0131\u015f\u0131, finansman veya t\u00fcm veya k\u0131smi i\u015fletme al\u0131m\u0131 s\u0131ras\u0131nda veya bu t\u00fcr m\u00fczakereler s\u0131ras\u0131nda ki\u015fisel bilgilerinizi payla\u015fabilir veya devredebiliriz.<\/li><li><strong>\u0130\u015ftiraklerimizle:<\/strong> \u0130\u015ftiraklerimizle bilgilerinizi payla\u015fabiliriz, bu durumda bu Gizlilik Politikas\u0131na uymalar\u0131n\u0131 sa\u011flayaca\u011f\u0131z. \u0130\u015ftiraklerimiz, ana \u015firketimiz ve bizim kontrol\u00fcm\u00fczde veya ortak kontrol\u00fcm\u00fczde olan di\u011fer ba\u011fl\u0131 kurulu\u015flar, ortak giri\u015fim ortaklar\u0131 veya di\u011fer \u015firketleri i\u00e7erir.<\/li><li><strong>\u0130\u015f ortaklar\u0131yla:<\/strong> Bilgilerinizi, belirli \u00fcr\u00fcnler, hizmetler veya promosyonlar sunmak i\u00e7in \u0130\u015f ortaklar\u0131m\u0131zla payla\u015fabiliriz.<\/li><li><strong>Di\u011fer kullan\u0131c\u0131larla:<\/strong> Ki\u015fisel bilgileri payla\u015ft\u0131\u011f\u0131n\u0131z veya di\u011fer kullan\u0131c\u0131larla kamu alanlar\u0131nda etkile\u015fimde bulundu\u011funuzda, bu bilgiler t\u00fcm kullan\u0131c\u0131lar taraf\u0131ndan g\u00f6r\u00fcnt\u00fclenebilir ve kamuya a\u00e7\u0131k olarak da\u011f\u0131t\u0131labilir. Di\u011fer kullan\u0131c\u0131larla etkile\u015fim kurarsan\u0131z veya \u00dc\u00e7\u00fcnc\u00fc Taraf Sosyal Medya Hizmeti arac\u0131l\u0131\u011f\u0131yla kaydolursan\u0131z, \u00dc\u00e7\u00fcnc\u00fc Taraf Sosyal Medya Hizmetindeki ki\u015filer ad\u0131n\u0131z\u0131, profilinizi, resimlerinizi ve etkinlik a\u00e7\u0131klaman\u0131z\u0131 g\u00f6rebilir. Benzer \u015fekilde, di\u011fer kullan\u0131c\u0131lar etkinlik a\u00e7\u0131klamalar\u0131n\u0131z\u0131 g\u00f6rebilir, sizinle ileti\u015fim kurabilir ve profilinizi g\u00f6r\u00fcnt\u00fcleyebilir.<\/li><\/ul>    <h2 class=\"wp-block-heading\">Ki\u015fisel Verilerinizin Saklanmas\u0131<\/h2>    <p class=\"wp-block-paragraph\">\u015eirket, bu Gizlilik Politikas\u0131nda belirtilen ama\u00e7lar i\u00e7in gerekli oldu\u011fu s\u00fcrece, Ki\u015fisel Verilerinizi saklayacakt\u0131r. Yasal y\u00fck\u00fcml\u00fcl\u00fcklerimizi yerine getirmek, anla\u015fmazl\u0131klar\u0131 \u00e7\u00f6zmek ve yasal s\u00f6zle\u015fmelerimizi ve politikalar\u0131m\u0131z\u0131 uygulamak i\u00e7in Ki\u015fisel Verilerinizi saklay\u0131p kullanaca\u011f\u0131z.<\/p>    <p class=\"wp-block-paragraph\">\u015eirket, ayr\u0131ca Kullan\u0131m Verilerini i\u00e7 analiz ama\u00e7lar\u0131yla saklayacakt\u0131r. Kullan\u0131m Verileri, genellikle daha k\u0131sa bir s\u00fcre saklan\u0131r, ancak bu veriler, G\u00fcvenli\u011fi g\u00fc\u00e7lendirmek veya Hizmetimizin i\u015flevselli\u011fini art\u0131rmak i\u00e7in kullan\u0131ld\u0131\u011f\u0131nda veya yasal olarak daha uzun s\u00fcre saklanmas\u0131 gerekiyorsa, daha uzun s\u00fcre tutulabilir.<\/p>    <h2 class=\"wp-block-heading\">Ki\u015fisel Verilerinizin Aktar\u0131m\u0131<\/h2>    <p class=\"wp-block-paragraph\">Bilgileriniz, Ki\u015fisel Verileriniz dahil, \u015eirketin faaliyet ofislerinde ve i\u015flemde yer alan di\u011fer yerlerde i\u015flenir. Bu, bu bilgilerin, veri koruma yasalar\u0131n\u0131n farkl\u0131 olabilece\u011fi, sizin eyaletiniz, iliniz, \u00fclkeniz veya di\u011fer h\u00fck\u00fcmet yetki alan\u0131n\u0131z d\u0131\u015f\u0131nda bulunan bilgisayarlara aktar\u0131labilece\u011fi ve saklanabilece\u011fi anlam\u0131na gelir.<\/p>    <p class=\"wp-block-paragraph\">Bu Gizlilik Politikas\u0131na onay\u0131n\u0131z ve bu t\u00fcr bilgileri g\u00f6ndermeniz, bu aktar\u0131m\u0131 kabul etti\u011finiz anlam\u0131na gelir.<\/p>    <p class=\"wp-block-paragraph\">\u015eirket, verilerinizin g\u00fcvenli ve bu Gizlilik Politikas\u0131na uygun \u015fekilde muamele edilmesini sa\u011flamak i\u00e7in makul t\u00fcm ad\u0131mlar\u0131 atacakt\u0131r ve verilerinizin ve di\u011fer ki\u015fisel bilgilerinizin g\u00fcvenli\u011fi i\u00e7in yeterli kontrollerin bulundu\u011fu kurulu\u015flara veya \u00fclkelere aktar\u0131m\u0131 yap\u0131lmayacakt\u0131r.<\/p>    <h2 class=\"wp-block-heading\">Ki\u015fisel Verilerinizi A\u00e7\u0131klama<\/h2>    <h3 class=\"wp-block-heading\">\u0130\u015flemler<\/h3>    <p class=\"wp-block-paragraph\">\u015eirket, birle\u015fme, devralma veya varl\u0131k sat\u0131\u015f\u0131 durumunda, Ki\u015fisel Verileriniz aktar\u0131labilir. Verileriniz ba\u015fka bir gizlilik politikas\u0131na tabi hale gelmeden \u00f6nce, size bildirimde bulunaca\u011f\u0131z.<\/p>    <h3 class=\"wp-block-heading\">Yasalar<\/h3>    <p class=\"wp-block-paragraph\">Belirli durumlarda, \u015eirket, yasal zorunluluklar veya kamu makamlar\u0131n\u0131n ge\u00e7erli talepleri do\u011frultusunda, Ki\u015fisel Verilerinizi a\u00e7\u0131klamak zorunda kalabilir (\u00f6rne\u011fin, mahkeme veya h\u00fck\u00fcmet ajans\u0131).<\/p>    <h3 class=\"wp-block-heading\">Di\u011fer yasal gereklilikler<\/h3>    <p class=\"wp-block-paragraph\">\u015eirket, iyi niyetle b\u00f6yle bir eylemin gerekli oldu\u011funa inan\u0131rsa, Ki\u015fisel Verilerinizi a\u00e7\u0131klayabilir:<\/p>    <ul class=\"wp-block-list\"><li>Yasal bir zorunlulu\u011fa uymak<\/li><li>\u015eirketin haklar\u0131n\u0131 veya m\u00fclkiyetini koruma ve savunma<\/li><li>Hizmetle ilgili olas\u0131 yanl\u0131\u015f davran\u0131\u015flar\u0131 \u00f6nlemek veya ara\u015ft\u0131rmak<\/li><li>Kullan\u0131c\u0131lar\u0131n veya kamunun ki\u015fisel g\u00fcvenli\u011fini korumak<\/li><li>Hukuki sorumlulu\u011fa kar\u015f\u0131 koruma<\/li><\/ul>    <h2 class=\"wp-block-heading\">Ki\u015fisel Verilerinizin G\u00fcvenli\u011fi<\/h2>    <p class=\"wp-block-paragraph\">Ki\u015fisel Verilerinizin G\u00fcvenli\u011fi bizim i\u00e7in \u00f6nemlidir, ancak internet \u00fczerinden iletim veya elektronik depolama y\u00f6ntemi 0 g\u00fcvenli de\u011fildir. G\u00fcvenli\u011fi art\u0131rmak veya Hizmetimizin i\u015flevselli\u011fini geli\u015ftirmek amac\u0131yla ticari olarak kabul edilebilir y\u00f6ntemleri kullanmaya \u00e7al\u0131\u015f\u0131yoruz, ancak kesin g\u00fcvenli\u011fi garanti edemeyiz.<\/p>    <h1 class=\"wp-block-heading\">Kaliforniya Gizlilik Haklar\u0131n\u0131z (Kaliforniya Shine the Light yasas\u0131)<\/h1>    <p class=\"wp-block-paragraph\">Kaliforniya Medeni Kanunu B\u00f6l\u00fcm 1798 (Kaliforniya Shine the Light yasas\u0131) kapsam\u0131nda, bizimle kurulu bir i\u015f ili\u015fkisi olan Kaliforniya sakinleri, \u00fc\u00e7\u00fcnc\u00fc taraflarla payla\u015ft\u0131klar\u0131 Ki\u015fisel Veriler hakk\u0131nda y\u0131lda bir kez bilgi talep edebilirler.<\/p>    <p class=\"wp-block-paragraph\">Kaliforniya Shine the Light yasas\u0131 kapsam\u0131nda daha fazla bilgi talep etmek isterseniz ve Kaliforniya ikamet\u00e7isiyseniz, a\u015fa\u011f\u0131da sa\u011flanan ileti\u015fim bilgilerini kullanarak bizimle ileti\u015fime ge\u00e7ebilirsiniz.<\/p>    <h1 class=\"wp-block-heading\">Kaliforniya Gizlilik Haklar\u0131 (Kaliforniya \u0130\u015f ve Meslekler Kodu B\u00f6l\u00fcm 22581)<\/h1>    <p class=\"wp-block-paragraph\">Kaliforniya \u0130\u015f ve Meslekler Kodu b\u00f6l\u00fcm\u00fc 22581, 18 ya\u015f\u0131n alt\u0131ndaki ve \u00e7evrimi\u00e7i siteler, hizmetler veya uygulamalar\u0131n kay\u0131tl\u0131 kullan\u0131c\u0131lar\u0131 olan Kaliforniya sakinlerinin, kamuya a\u00e7\u0131k olarak payla\u015ft\u0131klar\u0131 i\u00e7erik veya bilgilerin kald\u0131r\u0131lmas\u0131n\u0131 talep edip edebileceklerini sa\u011flar.<\/p>    <p class=\"wp-block-paragraph\">B\u00f6yle verilerin kald\u0131r\u0131lmas\u0131n\u0131 talep etmek i\u00e7in, ve e\u011fer Kaliforniya ikamet\u00e7isiyseniz, a\u015fa\u011f\u0131da sa\u011flanan ileti\u015fim bilgilerini kullanarak bizimle ileti\u015fime ge\u00e7ebilir ve hesab\u0131n\u0131zla ili\u015fkili e-posta adresini ekleyebilirsiniz.<\/p>    <p class=\"wp-block-paragraph\">Dikkat edin ki, Talebiniz, \u00e7evrimi\u00e7i olarak yay\u0131nlanan i\u00e7erik veya bilgilerin tam veya kapsaml\u0131 \u015fekilde kald\u0131r\u0131lmas\u0131n\u0131 garanti etmez ve yasa, belirli durumlarda kald\u0131rmaya izin vermeyebilir veya zorunlu k\u0131lmayabilir.<\/p>    <h1 class=\"wp-block-heading\">Di\u011fer Web Sitelerine Ba\u011flant\u0131lar<\/h1>    <p class=\"wp-block-paragraph\">Hizmetimiz, bizim taraf\u0131m\u0131zdan i\u015fletilmeyen di\u011fer web sitelerine ba\u011flant\u0131lar i\u00e7erebilir. Bir \u00fc\u00e7\u00fcnc\u00fc taraf ba\u011flant\u0131s\u0131na t\u0131klarsan\u0131z, sizi o \u00fc\u00e7\u00fcnc\u00fc taraf\u0131n sitesine y\u00f6nlendirecektir. Her siteyi ziyaret etti\u011finizde Gizlilik Politikas\u0131n\u0131 g\u00f6zden ge\u00e7irmenizi \u015fiddetle tavsiye ederiz.<\/p>    <p class=\"wp-block-paragraph\">\u0130\u00e7eri\u011fe veya hizmetlere ili\u015fkin \u00fc\u00e7\u00fcnc\u00fc taraf siteleri veya hizmetleri \u00fczerinde kontrol\u00fcm\u00fcz olmad\u0131\u011f\u0131n\u0131 ve sorumluluk almad\u0131\u011f\u0131m\u0131z\u0131 kabul ederiz.<\/p>    <h1 class=\"wp-block-heading\">Bu Gizlilik Politikas\u0131ndaki De\u011fi\u015fiklikler<\/h1>    <p class=\"wp-block-paragraph\">Gizlilik Politikam\u0131z\u0131 zaman zaman g\u00fcncelleyebiliriz. Herhangi bir de\u011fi\u015fiklik hakk\u0131nda sizi bilgilendirece\u011fiz ve yeni Gizlilik Politikas\u0131n\u0131 bu sayfada yay\u0131nlayaca\u011f\u0131z.<\/p>    <p class=\"wp-block-paragraph\">De\u011fi\u015fiklikler oldu\u011funda, sizi \u00f6nceden bilgilendirecek ve \u201cSon g\u00fcncelleme\u201d tarihini bu Gizlilik Politikas\u0131n\u0131n en \u00fcst\u00fcne g\u00fcncelleyece\u011fiz.<\/p>    <p class=\"wp-block-paragraph\">Herhangi bir de\u011fi\u015fiklik olmas\u0131 durumunda, bu Gizlilik Politikas\u0131n\u0131 periyodik olarak g\u00f6zden ge\u00e7irmeniz \u00f6nerilir. De\u011fi\u015fiklikler, bu sayfada yay\u0131nland\u0131klar\u0131 zaman y\u00fcr\u00fcrl\u00fc\u011fe girer.<\/p>    <h1 class=\"wp-block-heading\">\u0130leti\u015fim<\/h1>    <p class=\"wp-block-paragraph\">Bu Gizlilik Politikas\u0131n\u0131 herhangi bir sorunuz varsa, bizimle ileti\u015fime ge\u00e7ebilirsiniz:<\/p>    <ul class=\"wp-block-list\"><li>E-posta ile: info@allpotatoes.com<\/li><li>Web sitemizde bu sayfay\u0131 ziyaret ederek: <a href=\"https:\/\/allpotatoes.com\/tr\/contact-us\/\" rel=\"noreferrer noopener\" target=\"_blank\">https:\/\/allpotatoes.com\/contact-us<\/a><\/li><li>Telefon numaras\u0131yla: 86 173 0382 1432<\/li><\/ul>","protected":false},"excerpt":{"rendered":"<p>Last updated: September 09, 2020 This Privacy Policy describes Our policies and procedures on the collection, use and disclosure of Your information when You use the Service and tells You about Your privacy rights and how the law protects You. We use Your Personal data to provide and improve the Service. By using the Service, [&hellip;]<\/p>\n","protected":false},"author":1,"featured_media":0,"parent":0,"menu_order":0,"comment_status":"closed","ping_status":"closed","template":"","meta":{"_crdt_document":"","footnotes":""},"class_list":["post-1398","page","type-page","status-publish","hentry"],"_links":{"self":[{"href":"https:\/\/allpotatoes.com\/tr\/wp-json\/wp\/v2\/pages\/1398","targetHints":{"allow":["GET"]}}],"collection":[{"href":"https:\/\/allpotatoes.com\/tr\/wp-json\/wp\/v2\/pages"}],"about":[{"href":"https:\/\/allpotatoes.com\/tr\/wp-json\/wp\/v2\/types\/page"}],"author":[{"embeddable":true,"href":"https:\/\/allpotatoes.com\/tr\/wp-json\/wp\/v2\/users\/1"}],"replies":[{"embeddable":true,"href":"https:\/\/allpotatoes.com\/tr\/wp-json\/wp\/v2\/comments?post=1398"}],"version-history":[{"count":0,"href":"https:\/\/allpotatoes.com\/tr\/wp-json\/wp\/v2\/pages\/1398\/revisions"}],"wp:attachment":[{"href":"https:\/\/allpotatoes.com\/tr\/wp-json\/wp\/v2\/media?parent=1398"}],"curies":[{"name":"wp","href":"https:\/\/api.w.org\/{rel}","templated":true}]}}