{"id":20,"date":"2020-01-16T01:02:01","date_gmt":"2020-01-16T09:02:01","guid":{"rendered":"https:\/\/allpotatoes.com\/?page_id=20"},"modified":"2024-05-24T13:51:26","modified_gmt":"2024-05-24T05:51:26","slug":"about-us","status":"publish","type":"page","link":"https:\/\/allpotatoes.com\/tr\/about-us\/","title":{"rendered":"Hakk\u0131m\u0131zda"},"content":{"rendered":"<div data-elementor-type=\"wp-page\" data-elementor-id=\"20\" class=\"elementor elementor-20\" data-elementor-post-type=\"page\"> \t\t\t\t<div class=\"elementor-element elementor-element-7cfdf4c e-flex e-con-boxed e-con e-parent\" data-id=\"7cfdf4c\" data-element_type=\"container\" data-e-type=\"container\"> \t\t\t\t\t<div class=\"e-con-inner\"> \t\t\t\t<div class=\"elementor-element elementor-element-58cd58a elementor-view-stacked elementor-shape-square elementor-position-inline-start elementor-mobile-position-block-start elementor-widget elementor-widget-icon-box\" data-id=\"58cd58a\" data-element_type=\"widget\" data-e-type=\"widget\" data-widget_type=\"icon-box.default\"> \t\t\t\t\t\t\t<div class=\"elementor-icon-box-wrapper\">  \t\t\t\t\t\t<div class=\"elementor-icon-box-icon\"> \t\t\t\t<span  class=\"elementor-icon\"> \t\t\t\t<svg aria-hidden=\"true\" class=\"e-font-icon-svg e-fas-leaf\" viewbox=\"0 0 576 512\" xmlns=\"http:\/\/www.w3.org\/2000\/svg\"><path d=\"M546.2 9.7c-5.6-12.5-21.6-13-28.3-1.2C486.9 62.4 431.4 96 368 96h-80C182 96 96 182 96 288c0 7 .8 13.7 1.5 20.5C161.3 262.8 253.4 224 384 224c8.8 0 16 7.2 16 16s-7.2 16-16 16C132.6 256 26 410.1 2.4 468c-6.6 16.3 1.2 34.9 17.5 41.6 16.4 6.8 35-1.1 41.8-17.3 1.5-3.6 20.9-47.9 71.9-90.6 32.4 43.9 94 85.8 174.9 77.2C465.5 467.5 576 326.7 576 154.3c0-50.2-10.8-102.2-29.8-144.6z\"><\/path><\/svg>\t\t\t\t<\/span> \t\t\t<\/div> \t\t\t \t\t\t\t\t\t<div class=\"elementor-icon-box-content\">  \t\t\t\t\t\t\t\t\t<h3 class=\"elementor-icon-box-title\"> \t\t\t\t\t\t<span  > \t\t\t\t\t\t\thakk\u0131m\u0131zda\t\t\t\t\t\t<\/span> \t\t\t\t\t<\/h3> \t\t\t\t \t\t\t\t \t\t\t<\/div> \t\t\t \t\t<\/div> \t\t\t\t\t\t<\/div> \t\t\t\t\t<\/div> \t\t\t\t<\/div> \t\t<div class=\"elementor-element elementor-element-da4a183 e-flex e-con-boxed e-con e-parent\" data-id=\"da4a183\" data-element_type=\"container\" data-e-type=\"container\"> \t\t\t\t\t<div class=\"e-con-inner\"> \t\t\t\t<div class=\"elementor-element elementor-element-784f3fc elementor-widget elementor-widget-text-editor\" data-id=\"784f3fc\" data-element_type=\"widget\" data-e-type=\"widget\" data-widget_type=\"text-editor.default\"> \t\t\t\t\t\t\t\t\t<p><strong>Taizy \u015firketi, \u00f6zellikle Frans\u0131z k\u0131zartmas\u0131 \u00fcretim hatt\u0131, patates cipsi \u00fcretim hatt\u0131 ve muz dilimleme \u00fcretim hatt\u0131 gibi k\u0131zart\u0131lm\u0131\u015f \u00fcr\u00fcn i\u015fleme hatlar\u0131 \u00fcretiminde faaliyet g\u00f6stermektedir. Bu hatlar\u0131n tamam\u0131 tam otomatik ve yar\u0131 otomatik olarak ikiye ayr\u0131l\u0131r ve ger\u00e7ek durumunuza, istedi\u011finiz kapasiteye ve fabrikan\u0131z\u0131n b\u00fcy\u00fckl\u00fc\u011f\u00fcne g\u00f6re en iyi \u00e7\u00f6z\u00fcm\u00fc sunaca\u011f\u0131z.<\/strong><\/p>\t\t\t\t\t\t\t\t<\/div> \t\t\t\t<div class=\"elementor-element elementor-element-5216465 elementor-widget elementor-widget-text-editor\" data-id=\"5216465\" data-element_type=\"widget\" data-e-type=\"widget\" data-widget_type=\"text-editor.default\"> \t\t\t\t\t\t\t\t\t<p><strong>Firmam\u0131z, m\u00fc\u015fterinin \u00e7\u0131kar\u0131n\u0131 \u00f6n planda tutma ilkesine ba\u011fl\u0131d\u0131r ve m\u00fc\u015fteri memnuniyeti bizim motivasyonumuzdur. Uzun vadeli geli\u015fim s\u00fcrecinde, tamamen otomatik k\u0131zartma \u00fcretim hatt\u0131, y\u00fcksek kalite, iyi performans ve \u00f6nc\u00fc teknoloji ile ilgili alanlarda \u00f6nc\u00fc olmu\u015ftur.<\/strong><\/p>\t\t\t\t\t\t\t\t<\/div> \t\t\t\t\t<\/div> \t\t\t\t<\/div> \t\t<div class=\"elementor-element elementor-element-ea89e37 e-flex e-con-boxed e-con e-parent\" data-id=\"ea89e37\" data-element_type=\"container\" data-e-type=\"container\" data-settings=\"{&quot;background_background&quot;:&quot;classic&quot;}\"> \t\t\t\t\t<div class=\"e-con-inner\"> \t\t<div class=\"elementor-element elementor-element-ff3a188 e-con-full e-flex e-con e-child\" data-id=\"ff3a188\" data-element_type=\"container\" data-e-type=\"container\"> \t\t\t\t<div class=\"elementor-element elementor-element-e056370 elementor-widget elementor-widget-image\" data-id=\"e056370\" data-element_type=\"widget\" data-e-type=\"widget\" data-widget_type=\"image.default\"> \t\t\t\t\t\t\t\t\t\t\t\t\t\t\t<img decoding=\"async\" width=\"218\" height=\"219\" src=\"https:\/\/allpotatoes.com\/wp-content\/uploads\/2020\/03\/french-fires.jpg\" class=\"attachment-large size-large wp-image-270\" alt=\"\" \/>\t\t\t\t\t\t\t\t\t\t\t\t\t\t\t<\/div> \t\t\t\t<div class=\"elementor-element elementor-element-0af9272 elementor-widget elementor-widget-image\" data-id=\"0af9272\" data-element_type=\"widget\" data-e-type=\"widget\" data-widget_type=\"image.default\"> \t\t\t\t\t\t\t\t\t\t\t\t\t\t\t<img decoding=\"async\" width=\"218\" height=\"219\" src=\"https:\/\/allpotatoes.com\/wp-content\/uploads\/2020\/03\/potato-chips.jpg\" class=\"attachment-large size-large wp-image-272\" alt=\"\" \/>\t\t\t\t\t\t\t\t\t\t\t\t\t\t\t<\/div> \t\t\t\t<\/div> \t\t<div class=\"elementor-element elementor-element-790b001 e-con-full e-flex e-con e-child\" data-id=\"790b001\" data-element_type=\"container\" data-e-type=\"container\"> \t\t\t\t<div class=\"elementor-element elementor-element-8e6b09f elementor-widget elementor-widget-heading\" data-id=\"8e6b09f\" data-element_type=\"widget\" data-e-type=\"widget\" data-widget_type=\"heading.default\"> \t\t\t\t\t<h2 class=\"elementor-heading-title elementor-size-default\">Hizmetlerimiz<\/h2>\t\t\t\t<\/div> \t\t\t\t<div class=\"elementor-element elementor-element-223af1a elementor-widget elementor-widget-text-editor\" data-id=\"223af1a\" data-element_type=\"widget\" data-e-type=\"widget\" data-widget_type=\"text-editor.default\"> \t\t\t\t\t\t\t\t\t<p><strong>M\u00fc\u015fterilerimize ihtiya\u00e7lar\u0131n\u0131za g\u00f6re geni\u015f kapsaml\u0131 teknik hizmetler ve en iyi \u00e7\u00f6z\u00fcmleri sunuyoruz. Gerekirse, firmam\u0131z profesyonel teknisyenler atayarak makinenin kurulumunu ve ayar\u0131n\u0131 yapacakt\u0131r. Ayr\u0131ca, size kapsaml\u0131 ve bilimsel i\u015fletme k\u0131lavuzu g\u00f6nderebilir ve \u00e7al\u0131\u015fanlar\u0131n\u0131z\u0131n makineyi nas\u0131l kullanacaklar\u0131n\u0131 tamamen \u00f6\u011frenene kadar e\u011fitim verebiliriz.<\/strong><\/p>\t\t\t\t\t\t\t\t<\/div> \t\t\t\t<\/div> \t\t\t\t\t<\/div> \t\t\t\t<\/div> \t\t\t\t<\/div>","protected":false},"excerpt":{"rendered":"<p>about us Taizy company mainly engages\u00a0in manufacturing fried product processing line such as French Fries production line, potato chips production line and banana slicer production line. All of these lines can be divided into full automatic and semi-automatic one, and we will give you best solution according to your real situation including the capacity you [&hellip;]<\/p>\n","protected":false},"author":1,"featured_media":0,"parent":0,"menu_order":0,"comment_status":"closed","ping_status":"closed","template":"","meta":{"_crdt_document":"","footnotes":""},"class_list":["post-20","page","type-page","status-publish","hentry"],"_links":{"self":[{"href":"https:\/\/allpotatoes.com\/tr\/wp-json\/wp\/v2\/pages\/20","targetHints":{"allow":["GET"]}}],"collection":[{"href":"https:\/\/allpotatoes.com\/tr\/wp-json\/wp\/v2\/pages"}],"about":[{"href":"https:\/\/allpotatoes.com\/tr\/wp-json\/wp\/v2\/types\/page"}],"author":[{"embeddable":true,"href":"https:\/\/allpotatoes.com\/tr\/wp-json\/wp\/v2\/users\/1"}],"replies":[{"embeddable":true,"href":"https:\/\/allpotatoes.com\/tr\/wp-json\/wp\/v2\/comments?post=20"}],"version-history":[{"count":0,"href":"https:\/\/allpotatoes.com\/tr\/wp-json\/wp\/v2\/pages\/20\/revisions"}],"wp:attachment":[{"href":"https:\/\/allpotatoes.com\/tr\/wp-json\/wp\/v2\/media?parent=20"}],"curies":[{"name":"wp","href":"https:\/\/api.w.org\/{rel}","templated":true}]}}